{"id":10974,"date":"2021-04-16T06:22:30","date_gmt":"2021-04-16T06:22:30","guid":{"rendered":"https:\/\/www.admiral-botel.cz\/ubytovani\/"},"modified":"2023-07-28T05:43:53","modified_gmt":"2023-07-28T05:43:53","slug":"unterkunft","status":"publish","type":"page","link":"https:\/\/www.admiral-botel.cz\/de\/unterkunft\/","title":{"rendered":"Unterkunft"},"content":{"rendered":"<div class=\"wpb-content-wrapper\"><p>[vc_row full_width=&#8220;stretch_row&#8220; content_placement=&#8220;middle&#8220; el_class=&#8220;featured&#8220; css=&#8220;.vc_custom_1618556885474{background-image: url(https:\/\/www.admiral-botel.cz\/wp-content\/uploads\/2021\/04\/botel-admiral_titul-vip-suite.jpg?id=9508) !important;background-position: center !important;background-repeat: no-repeat !important;background-size: cover !important;}&#8220;][vc_column][vc_column_text el_class=&#8220;h1nadpis&#8220;]<\/p>\n<h1><span style=\"color: #000000;\">Unterkunft Botel Admir\u00e1l<\/span><\/h1>\n<p>[\/vc_column_text][\/vc_column][\/vc_row][vc_row content_placement=&#8220;middle&#8220;][vc_column width=&#8220;1\/6&#8243;][\/vc_column][vc_column width=&#8220;2\/3&#8243;][vc_column_text]<\/p>\n<h2 style=\"text-align: center;\">R\u00e4ume<\/h2>\n<p><span style=\"font-weight: 400;\">Das Botel Admir\u00e1l bietet attraktive Unterk\u00fcnfte an der Moldau im Zentrum von Prag in 84 Zimmern. Komm und lass uns auf den Wellen treiben\u2026<\/span>[\/vc_column_text][vc_empty_space][\/vc_column][vc_column width=&#8220;1\/6&#8243;][\/vc_column][\/vc_row][vc_row content_placement=&#8220;middle&#8220;][vc_column width=&#8220;1\/2&#8243;][vc_single_image image=&#8220;9508&#8243; img_size=&#8220;large&#8220;][\/vc_column][vc_column width=&#8220;1\/2&#8243;][vc_column_text]<\/p>\n<h3 style=\"text-align: justify;\">VIP SUITE<\/h3>\n<p><span style=\"font-weight: 400;\">Feiern Sie ein bedeutendes Jubil\u00e4um? Sie fragen sich, wo Sie Ihre Hochzeitsnacht verbringen k\u00f6nnen? Unsere repr\u00e4sentative VIP SUITE ist die richtige Wahl!<\/span><\/p>\n<p><span style=\"font-weight: 400;\">Wir k\u00f6nnen Ihnen den Komfort bieten, den Sie in unserer VIP SUITE **** suchen. Dieses Zimmer verf\u00fcgt \u00fcber ein gro\u00dfes Doppelbett, ein Ledersofa, ein ger\u00e4umiges Badezimmer mit Badewanne und Fenster zur Moldau, ein Telefon mit Vorwahl, SAT-TV, Internet-TV, WIFI und Klimaanlage.<\/span><\/p>\n<p><span style=\"font-weight: 400;\">Der Preis beinhaltet ein Fr\u00fchst\u00fccksbuffet.<\/span><\/p>\n<p>[\/vc_column_text][vc_btn title=&#8220;Online-Buchung&#8220; style=&#8220;classic&#8220; shape=&#8220;square&#8220; color=&#8220;default&#8220; link=&#8220;url:%2Frezervace%2F%3FroomType%3D669602|||&#8220; css=&#8220;.vc_custom_1623096974434{padding-left: 40px !important;}&#8220;][vc_btn title=&#8220;Mehr Informationen&#8220; style=&#8220;classic&#8220; shape=&#8220;square&#8220; color=&#8220;default&#8220; link=&#8220;url:https%3A%2F%2Fwww.admiral-botel.cz%2Fpokoje%2Fvip-suite%2F|title:VIP%20Suite||&#8220; css=&#8220;.vc_custom_1623097024002{padding-left: 40px !important;}&#8220;][\/vc_column][\/vc_row][vc_row content_placement=&#8220;middle&#8220;][vc_column width=&#8220;1\/2&#8243; el_class=&#8220;vc_col-sm-push-6&#8243;][vc_single_image image=&#8220;9515&#8243; img_size=&#8220;large&#8220;][\/vc_column][vc_column width=&#8220;1\/2&#8243; el_class=&#8220;vc_col-sm-pull-6&#8243;][vc_column_text]<\/p>\n<h3>DELUX ZIMMER<\/h3>\n<p><span style=\"font-weight: 400;\">F\u00fcr diejenigen, die mehr Platz als ein normales Zimmer bevorzugen, stehen DELUX-Zimmer zur Verf\u00fcgung. Neu renoviert, modern ausgestattet, mit Blick auf das Ufer und die Moldau. Es bietet Komfort an, der sicher vielen Kunden gefallen wird. Das Zimmer verf\u00fcgt \u00fcber ein gro\u00dfes Doppelbett, Ledersofa, WC, ger\u00e4umiges Badezimmer mit Dusche, Telefon mit Vorwahl, SAT-TV, Internet-TV, WIFI, F\u00f6hn, Klimaanlage.<\/span><\/p>\n<p><span style=\"font-weight: 400;\">\u00a0Der Preis beinhaltet ein Fr\u00fchst\u00fccksbuffet.<\/span>[\/vc_column_text][vc_btn title=&#8220;Online-Buchung&#8220; style=&#8220;classic&#8220; shape=&#8220;square&#8220; color=&#8220;default&#8220; link=&#8220;url:%2Frezervace%2F%3FroomType%3D669602|||&#8220; css=&#8220;.vc_custom_1623096983883{padding-left: 40px !important;}&#8220;][vc_btn title=&#8220;Mehr Informationen&#8220; style=&#8220;classic&#8220; shape=&#8220;square&#8220; color=&#8220;default&#8220; link=&#8220;url:https%3A%2F%2Fwww.admiral-botel.cz%2Fpokoje%2Fpokoj-deluxe%2F|title:Pokoj%20Deluxe||&#8220; css=&#8220;.vc_custom_1623097031906{padding-left: 40px !important;}&#8220;][\/vc_column][\/vc_row][vc_row content_placement=&#8220;middle&#8220;][vc_column width=&#8220;1\/2&#8243;][vc_single_image image=&#8220;10212&#8243; img_size=&#8220;large&#8220;][\/vc_column][vc_column width=&#8220;1\/2&#8243;][vc_column_text]<\/p>\n<h3>LUX ZIMMER<\/h3>\n<p><span style=\"font-weight: 400;\">Das komfortable Lux Zimmer ist perfekt f\u00fcr einen romantischen Aufenthalt zu zweit. Die Kabine ist komplett mit Holz vergekleidet. Durch das gro\u00dfe runde Fenster k\u00f6nnen Sie den Fluss und die herumschwimmenden Schw\u00e4ne beobachten. Zur weiteren Ausstattung geh\u00f6ren ein ger\u00e4umiges Badezimmer mit Dusche, Telefon mit Vorwahl, SAT-TV und WIFI.\u00a0<\/span><\/p>\n<p><span style=\"font-weight: 400;\">Der Preis beinhaltet ein Fr\u00fchst\u00fccksbuffet.<\/span>[\/vc_column_text][vc_btn title=&#8220;Online-Buchung&#8220; style=&#8220;classic&#8220; shape=&#8220;square&#8220; color=&#8220;default&#8220; link=&#8220;url:%2Frezervace%2F%3FroomType%3D669602|||&#8220; css=&#8220;.vc_custom_1623096990282{padding-left: 40px !important;}&#8220;][vc_btn title=&#8220;Mehr Informationen&#8220; style=&#8220;classic&#8220; shape=&#8220;square&#8220; color=&#8220;default&#8220; link=&#8220;url:https%3A%2F%2Fwww.admiral-botel.cz%2Fpokoje%2Fpokoj-lux%2F|title:Galerie||&#8220; css=&#8220;.vc_custom_1623097040259{padding-left: 40px !important;}&#8220;][\/vc_column][\/vc_row][vc_row content_placement=&#8220;middle&#8220;][vc_column width=&#8220;1\/2&#8243; el_class=&#8220;vc_col-sm-push-6&#8243;][vc_single_image image=&#8220;10427&#8243; img_size=&#8220;large&#8220;][\/vc_column][vc_column width=&#8220;1\/2&#8243; el_class=&#8220;vc_col-sm-pull-6&#8243;][vc_column_text]<\/p>\n<h3>STANDARD ZIMMER<\/h3>\n<p><span style=\"font-weight: 400;\">Unsere Standardzimmer sind mit Doppelbett oder getrennten Betten ausgestattet. Zur weiteren Ausstattung geh\u00f6ren ein Badezimmer mit Dusche und WC, Telefon mit Vorwahl, SAT-TV.\u00a0<\/span><\/p>\n<p><span style=\"font-weight: 400;\">Der Preis beinhaltet ein Fr\u00fchst\u00fccksbuffet.<\/span>[\/vc_column_text][vc_btn title=&#8220;Online-Buchung&#8220; style=&#8220;classic&#8220; shape=&#8220;square&#8220; color=&#8220;default&#8220; link=&#8220;url:%2Frezervace%2F%3FroomType%3D669602|||&#8220; css=&#8220;.vc_custom_1623096997220{padding-left: 40px !important;}&#8220;][vc_btn title=&#8220;Mehr Informationen&#8220; style=&#8220;classic&#8220; shape=&#8220;square&#8220; color=&#8220;default&#8220; link=&#8220;url:https%3A%2F%2Fwww.admiral-botel.cz%2Fpokoje%2Fpokoj-standard%2F|title:Pokoj%20Standard||&#8220; css=&#8220;.vc_custom_1623097046473{padding-left: 40px !important;}&#8220;][\/vc_column][\/vc_row][vc_row content_placement=&#8220;middle&#8220;][vc_column width=&#8220;1\/2&#8243;][vc_single_image image=&#8220;12157&#8243; img_size=&#8220;large&#8220;][\/vc_column][vc_column width=&#8220;1\/2&#8243;][vc_column_text]<\/p>\n<h3>KOMFORTZIMMER<\/h3>\n<p>neues, modern eingerichtetes Doppelzimmer mit geteilten Betten, Klimaanlage, gro\u00dfem Flachbild-Sat-TV, elegantem Badezimmer mit Dusche und Haartrockner und romantischem Blick auf den Fluss[\/vc_column_text][vc_btn title=&#8220;On-line Buchung&#8220; style=&#8220;classic&#8220; shape=&#8220;square&#8220; color=&#8220;default&#8220; link=&#8220;url:%2Frezervace%2F%3FroomType%3D669602|||&#8220; css=&#8220;.vc_custom_1690523007181{padding-left: 40px !important;}&#8220;][vc_btn title=&#8220;Mehr Informationen&#8220; style=&#8220;classic&#8220; shape=&#8220;square&#8220; color=&#8220;default&#8220; link=&#8220;url:https%3A%2F%2Fwww.admiral-botel.cz%2Fde%2Fpokoj-komfort%2F|title:Komfortzimmer||&#8220; css=&#8220;.vc_custom_1690523028108{padding-left: 40px !important;}&#8220;][\/vc_column][\/vc_row][vc_row content_placement=&#8220;middle&#8220; disable_element=&#8220;yes&#8220;][vc_column width=&#8220;1\/2&#8243; el_class=&#8220;vc_col-sm-push-6&#8243;][vc_single_image image=&#8220;9821&#8243; img_size=&#8220;large&#8220;][\/vc_column][vc_column width=&#8220;1\/2&#8243; el_class=&#8220;vc_col-sm-pull-6&#8243;][vc_column_text]<\/p>\n<h3>\u00a0Standard \u010dty\u0159l\u016f\u017ekov\u00fd pokoj<\/h3>\n<p>K dispozici 1 x[\/vc_column_text][vc_btn title=&#8220;Online rezervace&#8220; style=&#8220;classic&#8220; shape=&#8220;square&#8220; color=&#8220;default&#8220; link=&#8220;url:%2Frezervace%2F%3FroomType%3D669602|||&#8220; css=&#8220;.vc_custom_1619021015948{padding-left: 40px !important;}&#8220;][vc_btn title=&#8220;V\u00edce informac\u00ed&#8220; style=&#8220;classic&#8220; shape=&#8220;square&#8220; color=&#8220;default&#8220; link=&#8220;url:%2Fpokoje|||&#8220; css=&#8220;.vc_custom_1619781915412{padding-left: 40px !important;}&#8220;][\/vc_column][\/vc_row][vc_row full_width=&#8220;stretch_row&#8220; disable_element=&#8220;yes&#8220; css=&#8220;.vc_custom_1618839203918{padding-top: 50px !important;padding-bottom: 50px !important;background-color: #ededed !important;}&#8220;][vc_column width=&#8220;1\/6&#8243;][\/vc_column][vc_column width=&#8220;2\/3&#8243;][vc_column_text]<\/p>\n<h2 style=\"text-align: center;\">A co d\u00e1l?<\/h2>\n<p><strong>1 x Lux Dvoul\u016f\u017ekov\u00fd pokoj<\/strong><\/p>\n<p><strong>76 x Standard Dvoul\u016f\u017ekov\u00fd pokoj<\/strong><\/p>\n<p><strong>1 x Standard Jednol\u016f\u017ekov\u00fd pokoj<\/strong><\/p>\n<p><strong>1 x Standard \u010cty\u0159l\u016f\u017ekov\u00fd pokoj<\/strong><\/p>\n<p>[\/vc_column_text][\/vc_column][vc_column width=&#8220;1\/6&#8243;][\/vc_column][\/vc_row][vc_row][vc_column][\/vc_column][\/vc_row][vc_row][vc_column][vc_empty_space][\/vc_column][\/vc_row][vc_row][vc_column width=&#8220;1\/6&#8243;][\/vc_column][vc_column width=&#8220;2\/3&#8243;][vc_empty_space][vc_column_text]<\/p>\n<h2 style=\"text-align: center;\">Kontaktiere uns<\/h2>\n<p>[\/vc_column_text][vc_column_text]\n<div class=\"wpcf7 no-js\" id=\"wpcf7-f11153-o1\" lang=\"de-DE\" dir=\"ltr\" data-wpcf7-id=\"11153\">\n<div class=\"screen-reader-response\"><p role=\"status\" aria-live=\"polite\" aria-atomic=\"true\"><\/p> <ul><\/ul><\/div>\n<form action=\"\/de\/wp-json\/wp\/v2\/pages\/10974#wpcf7-f11153-o1\" method=\"post\" class=\"wpcf7-form init\" aria-label=\"Kontaktformular\" novalidate=\"novalidate\" data-status=\"init\">\n<fieldset class=\"hidden-fields-container\"><input type=\"hidden\" name=\"_wpcf7\" value=\"11153\" \/><input type=\"hidden\" name=\"_wpcf7_version\" value=\"6.1.3\" \/><input type=\"hidden\" name=\"_wpcf7_locale\" value=\"de_DE\" \/><input type=\"hidden\" name=\"_wpcf7_unit_tag\" value=\"wpcf7-f11153-o1\" \/><input type=\"hidden\" name=\"_wpcf7_container_post\" value=\"0\" \/><input type=\"hidden\" name=\"_wpcf7_posted_data_hash\" value=\"\" \/>\n<\/fieldset>\n<div class=\"xform\">\n\t<div class=\"xforml\">\n\t\t<div class=\"xin xinl\">\n\t\t\t<p><span class=\"wpcf7-form-control-wrap\" data-name=\"your-name\"><input size=\"40\" maxlength=\"400\" class=\"wpcf7-form-control wpcf7-text wpcf7-validates-as-required\" aria-required=\"true\" aria-invalid=\"false\" placeholder=\"Ihr Name\" value=\"\" type=\"text\" name=\"your-name\" \/><\/span><br \/>\n<span class=\"wpcf7-form-control-wrap\" data-name=\"your-email\"><input size=\"40\" maxlength=\"400\" class=\"wpcf7-form-control wpcf7-email wpcf7-validates-as-required wpcf7-text wpcf7-validates-as-email\" aria-required=\"true\" aria-invalid=\"false\" placeholder=\"E-Mail Adresse\" value=\"\" type=\"email\" name=\"your-email\" \/><\/span><br \/>\n<span class=\"wpcf7-form-control-wrap\" data-name=\"your-phone\"><input size=\"40\" maxlength=\"400\" class=\"wpcf7-form-control wpcf7-tel wpcf7-validates-as-required wpcf7-text wpcf7-validates-as-tel\" aria-required=\"true\" aria-invalid=\"false\" placeholder=\"Telefon-Nummer\" value=\"\" type=\"tel\" name=\"your-phone\" \/><\/span><br \/>\n<span class=\"wpcf7-form-control-wrap\" data-name=\"typ-akce\"><input size=\"40\" maxlength=\"400\" class=\"wpcf7-form-control wpcf7-text wpcf7-validates-as-required\" aria-required=\"true\" aria-invalid=\"false\" placeholder=\"Typ des Ereignisses\" value=\"\" type=\"text\" name=\"typ-akce\" \/><\/span><br \/>\n<span class=\"wpcf7-form-control-wrap\" data-name=\"pocet-osob\"><input size=\"40\" maxlength=\"400\" class=\"wpcf7-form-control wpcf7-text\" aria-invalid=\"false\" value=\"Anzahl der Personen\" type=\"text\" name=\"pocet-osob\" \/><\/span><br \/>\n<span class=\"wpcf7-form-control-wrap\" data-name=\"check-in\"><input size=\"40\" maxlength=\"400\" class=\"wpcf7-form-control wpcf7-text\" aria-invalid=\"false\" value=\"Datum des Ereignisses\" type=\"text\" name=\"check-in\" \/><\/span>\n\t\t\t<\/p>\n\t\t<\/div>\n\t<\/div>\n\t<div class=\"xformr\">\n\t\t<div class=\"xin xinr\">\n\t\t\t<p>Haben Sie eine Nachricht?\n\t\t\t<\/p>\n\t\t\t<p><span class=\"wpcf7-form-control-wrap\" data-name=\"zprava\"><textarea cols=\"40\" rows=\"10\" maxlength=\"2000\" class=\"wpcf7-form-control wpcf7-textarea\" aria-invalid=\"false\" name=\"zprava\"><\/textarea><\/span>\n\t\t\t<\/p>\n\t\t<\/div>\n\t<\/div>\n\t<p><br style=\"clear:both;\" \/>\n\t<\/p>\n<\/div>\n<div class=\"xforms\">\n\t<p><input class=\"wpcf7-form-control wpcf7-submit has-spinner\" type=\"submit\" value=\"Unverbindliche Anfrage senden\" \/>\n\t<\/p>\n<\/div><div class=\"wpcf7-response-output\" aria-hidden=\"true\"><\/div>\n<\/form>\n<\/div>\n[\/vc_column_text][vc_empty_space height=&#8220;62px&#8220;][\/vc_column][vc_column width=&#8220;1\/6&#8243;][\/vc_column][\/vc_row]<\/p>\n<\/div>","protected":false},"excerpt":{"rendered":"<p>[vc_row full_width=&#8220;stretch_row&#8220; content_placement=&#8220;middle&#8220; el_class=&#8220;featured&#8220; css=&#8220;.vc_custom_1618556885474{background-image: url(https:\/\/www.admiral-botel.cz\/wp-content\/uploads\/2021\/04\/botel-admiral_titul-vip-suite.jpg?id=9508) !important;background-position: center !important;background-repeat: no-repeat !important;background-size: cover !important;}&#8220;][vc_column][vc_column_text el_class=&#8220;h1nadpis&#8220;] Unterkunft Botel Admir\u00e1l [\/vc_column_text][\/vc_column][\/vc_row][vc_row content_placement=&#8220;middle&#8220;][vc_column width=&#8220;1\/6&#8243;][\/vc_column][vc_column width=&#8220;2\/3&#8243;][vc_column_text] R\u00e4ume Das Botel Admir\u00e1l bietet<\/p>\n","protected":false},"author":12,"featured_media":0,"parent":0,"menu_order":0,"comment_status":"closed","ping_status":"closed","template":"","meta":{"_acf_changed":false,"footnotes":""},"tags":[],"class_list":["post-10974","page","type-page","status-publish","hentry"],"acf":[],"yoast_head":"<!-- This site is optimized with the Yoast SEO plugin v26.3 - https:\/\/yoast.com\/wordpress\/plugins\/seo\/ -->\n<title>Unterkunft - Botel Admiral<\/title>\n<meta name=\"robots\" content=\"index, follow, max-snippet:-1, max-image-preview:large, max-video-preview:-1\" \/>\n<link rel=\"canonical\" href=\"https:\/\/www.admiral-botel.cz\/ubytovani\/\" \/>\n<meta property=\"og:locale\" content=\"de_DE\" \/>\n<meta property=\"og:type\" content=\"article\" \/>\n<meta property=\"og:title\" content=\"Unterkunft - Botel Admiral\" \/>\n<meta property=\"og:description\" content=\"[vc_row full_width=&#8220;stretch_row&#8220; content_placement=&#8220;middle&#8220; el_class=&#8220;featured&#8220; css=&#8220;.vc_custom_1618556885474{background-image: url(https:\/\/www.admiral-botel.cz\/wp-content\/uploads\/2021\/04\/botel-admiral_titul-vip-suite.jpg?id=9508) !important;background-position: center !important;background-repeat: no-repeat !important;background-size: cover !important;}&#8220;][vc_column][vc_column_text el_class=&#8220;h1nadpis&#8220;] Unterkunft Botel Admir\u00e1l [\/vc_column_text][\/vc_column][\/vc_row][vc_row content_placement=&#8220;middle&#8220;][vc_column width=&#8220;1\/6&#8243;][\/vc_column][vc_column width=&#8220;2\/3&#8243;][vc_column_text] R\u00e4ume Das Botel Admir\u00e1l bietet\" \/>\n<meta property=\"og:url\" content=\"https:\/\/www.admiral-botel.cz\/ubytovani\/\" \/>\n<meta property=\"og:site_name\" content=\"Botel Admiral\" \/>\n<meta property=\"article:modified_time\" content=\"2023-07-28T05:43:53+00:00\" \/>\n<meta name=\"twitter:card\" content=\"summary_large_image\" \/>\n<meta name=\"twitter:label1\" content=\"Gesch\u00e4tzte Lesezeit\" \/>\n\t<meta name=\"twitter:data1\" content=\"3\u00a0Minuten\" \/>\n<script type=\"application\/ld+json\" class=\"yoast-schema-graph\">{\"@context\":\"https:\/\/schema.org\",\"@graph\":[{\"@type\":\"WebPage\",\"@id\":\"https:\/\/www.admiral-botel.cz\/ubytovani\/\",\"url\":\"https:\/\/www.admiral-botel.cz\/ubytovani\/\",\"name\":\"Unterkunft - Botel Admiral\",\"isPartOf\":{\"@id\":\"https:\/\/www.admiral-botel.cz\/#website\"},\"datePublished\":\"2021-04-16T06:22:30+00:00\",\"dateModified\":\"2023-07-28T05:43:53+00:00\",\"breadcrumb\":{\"@id\":\"https:\/\/www.admiral-botel.cz\/ubytovani\/#breadcrumb\"},\"inLanguage\":\"de\",\"potentialAction\":[{\"@type\":\"ReadAction\",\"target\":[\"https:\/\/www.admiral-botel.cz\/ubytovani\/\"]}]},{\"@type\":\"BreadcrumbList\",\"@id\":\"https:\/\/www.admiral-botel.cz\/ubytovani\/#breadcrumb\",\"itemListElement\":[{\"@type\":\"ListItem\",\"position\":1,\"name\":\"Home\",\"item\":\"https:\/\/www.admiral-botel.cz\/de\/\"},{\"@type\":\"ListItem\",\"position\":2,\"name\":\"Unterkunft\"}]},{\"@type\":\"WebSite\",\"@id\":\"https:\/\/www.admiral-botel.cz\/#website\",\"url\":\"https:\/\/www.admiral-botel.cz\/\",\"name\":\"Botel Admiral\",\"description\":\"Romantick\u00e9 a pohodln\u00e9 ubytov\u00e1n\u00ed v centru m\u011bsta mezi Vy\u0161ehradem a mostem Palack\u00e9ho, na lev\u00e9m b\u0159ehu Vltavy\",\"potentialAction\":[{\"@type\":\"SearchAction\",\"target\":{\"@type\":\"EntryPoint\",\"urlTemplate\":\"https:\/\/www.admiral-botel.cz\/?s={search_term_string}\"},\"query-input\":{\"@type\":\"PropertyValueSpecification\",\"valueRequired\":true,\"valueName\":\"search_term_string\"}}],\"inLanguage\":\"de\"}]}<\/script>\n<!-- \/ Yoast SEO plugin. -->","yoast_head_json":{"title":"Unterkunft - Botel Admiral","robots":{"index":"index","follow":"follow","max-snippet":"max-snippet:-1","max-image-preview":"max-image-preview:large","max-video-preview":"max-video-preview:-1"},"canonical":"https:\/\/www.admiral-botel.cz\/ubytovani\/","og_locale":"de_DE","og_type":"article","og_title":"Unterkunft - Botel Admiral","og_description":"[vc_row full_width=&#8220;stretch_row&#8220; content_placement=&#8220;middle&#8220; el_class=&#8220;featured&#8220; css=&#8220;.vc_custom_1618556885474{background-image: url(https:\/\/www.admiral-botel.cz\/wp-content\/uploads\/2021\/04\/botel-admiral_titul-vip-suite.jpg?id=9508) !important;background-position: center !important;background-repeat: no-repeat !important;background-size: cover !important;}&#8220;][vc_column][vc_column_text el_class=&#8220;h1nadpis&#8220;] Unterkunft Botel Admir\u00e1l [\/vc_column_text][\/vc_column][\/vc_row][vc_row content_placement=&#8220;middle&#8220;][vc_column width=&#8220;1\/6&#8243;][\/vc_column][vc_column width=&#8220;2\/3&#8243;][vc_column_text] R\u00e4ume Das Botel Admir\u00e1l bietet","og_url":"https:\/\/www.admiral-botel.cz\/ubytovani\/","og_site_name":"Botel Admiral","article_modified_time":"2023-07-28T05:43:53+00:00","twitter_card":"summary_large_image","twitter_misc":{"Gesch\u00e4tzte Lesezeit":"3\u00a0Minuten"},"schema":{"@context":"https:\/\/schema.org","@graph":[{"@type":"WebPage","@id":"https:\/\/www.admiral-botel.cz\/ubytovani\/","url":"https:\/\/www.admiral-botel.cz\/ubytovani\/","name":"Unterkunft - Botel Admiral","isPartOf":{"@id":"https:\/\/www.admiral-botel.cz\/#website"},"datePublished":"2021-04-16T06:22:30+00:00","dateModified":"2023-07-28T05:43:53+00:00","breadcrumb":{"@id":"https:\/\/www.admiral-botel.cz\/ubytovani\/#breadcrumb"},"inLanguage":"de","potentialAction":[{"@type":"ReadAction","target":["https:\/\/www.admiral-botel.cz\/ubytovani\/"]}]},{"@type":"BreadcrumbList","@id":"https:\/\/www.admiral-botel.cz\/ubytovani\/#breadcrumb","itemListElement":[{"@type":"ListItem","position":1,"name":"Home","item":"https:\/\/www.admiral-botel.cz\/de\/"},{"@type":"ListItem","position":2,"name":"Unterkunft"}]},{"@type":"WebSite","@id":"https:\/\/www.admiral-botel.cz\/#website","url":"https:\/\/www.admiral-botel.cz\/","name":"Botel Admiral","description":"Romantick\u00e9 a pohodln\u00e9 ubytov\u00e1n\u00ed v centru m\u011bsta mezi Vy\u0161ehradem a mostem Palack\u00e9ho, na lev\u00e9m b\u0159ehu Vltavy","potentialAction":[{"@type":"SearchAction","target":{"@type":"EntryPoint","urlTemplate":"https:\/\/www.admiral-botel.cz\/?s={search_term_string}"},"query-input":{"@type":"PropertyValueSpecification","valueRequired":true,"valueName":"search_term_string"}}],"inLanguage":"de"}]}},"publishpress_future_action":{"enabled":false,"date":"2026-04-23 00:58:52","action":"change-status","newStatus":"draft","terms":[],"taxonomy":"post_tag","extraData":[]},"publishpress_future_workflow_manual_trigger":{"enabledWorkflows":[]},"_links":{"self":[{"href":"https:\/\/www.admiral-botel.cz\/de\/wp-json\/wp\/v2\/pages\/10974","targetHints":{"allow":["GET"]}}],"collection":[{"href":"https:\/\/www.admiral-botel.cz\/de\/wp-json\/wp\/v2\/pages"}],"about":[{"href":"https:\/\/www.admiral-botel.cz\/de\/wp-json\/wp\/v2\/types\/page"}],"author":[{"embeddable":true,"href":"https:\/\/www.admiral-botel.cz\/de\/wp-json\/wp\/v2\/users\/12"}],"replies":[{"embeddable":true,"href":"https:\/\/www.admiral-botel.cz\/de\/wp-json\/wp\/v2\/comments?post=10974"}],"version-history":[{"count":0,"href":"https:\/\/www.admiral-botel.cz\/de\/wp-json\/wp\/v2\/pages\/10974\/revisions"}],"wp:attachment":[{"href":"https:\/\/www.admiral-botel.cz\/de\/wp-json\/wp\/v2\/media?parent=10974"}],"wp:term":[{"taxonomy":"post_tag","embeddable":true,"href":"https:\/\/www.admiral-botel.cz\/de\/wp-json\/wp\/v2\/tags?post=10974"}],"curies":[{"name":"wp","href":"https:\/\/api.w.org\/{rel}","templated":true}]}}