{"id":10989,"date":"2021-04-14T13:37:04","date_gmt":"2021-04-14T13:37:04","guid":{"rendered":"https:\/\/www.admiral-botel.cz\/recepce\/"},"modified":"2024-12-12T06:59:30","modified_gmt":"2024-12-12T06:59:30","slug":"rezeption","status":"publish","type":"page","link":"https:\/\/www.admiral-botel.cz\/de\/rezeption\/","title":{"rendered":"Rezeption"},"content":{"rendered":"<div class=\"wpb-content-wrapper\"><p>[vc_row full_width=&#8220;stretch_row&#8220; content_placement=&#8220;middle&#8220; el_class=&#8220;featured&#8220; css=&#8220;.vc_custom_1618557888276{background-image: url(https:\/\/www.admiral-botel.cz\/wp-content\/uploads\/2021\/04\/botel-admiral_recepce.jpg?id=9662) !important;background-position: center !important;background-repeat: no-repeat !important;background-size: cover !important;}&#8220;][vc_column][vc_column_text]<\/p>\n<h1><span style=\"color: #ffffff;\">Rezeption Botel Admir\u00e1l<\/span><\/h1>\n<p>[\/vc_column_text][\/vc_column][\/vc_row][vc_row content_placement=&#8220;middle&#8220;][vc_column width=&#8220;1\/2&#8243;][vc_single_image image=&#8220;10049&#8243; img_size=&#8220;large&#8220;][\/vc_column][vc_column width=&#8220;1\/2&#8243;][vc_column_text]<\/p>\n<h2>DIENSTLEISTUNGEN<\/h2>\n<p><span style=\"font-weight: 400;\">Die Hotelrezeption ist 24 Stunden am Tag ge\u00f6ffnet und bietet neben Unterkunft auch Geldwechsel, Verkauf von Souvenirs, Verkauf von Fahrkarten, Reservierung von Kulturprogrammen, Transfers vom\/zum Flughafen oder Bahnhof, Reiseleitung, Dampfschiff Ausfl\u00fcge usw.\u00a0<\/span><\/p>\n<p><span style=\"font-weight: 400;\">Das Botel Admiral ist sehr leicht zu erreichen.<\/span><\/p>\n<p><span style=\"font-weight: 400;\">F\u00fcr Hotelg\u00e4ste stehen Parkpl\u00e4tze f\u00fcr Pkw und Busse von Partnerreiseb\u00fcros zur Verf\u00fcgung.<\/span>[\/vc_column_text][\/vc_column][\/vc_row][vc_row content_placement=&#8220;middle&#8220;][vc_column width=&#8220;1\/2&#8243; el_class=&#8220;vc_col-sm-push-6&#8243;][vc_single_image image=&#8220;13930&#8243; img_size=&#8220;large&#8220; css=&#8220;&#8220;][vc_single_image image=&#8220;13935&#8243; img_size=&#8220;large&#8220; css=&#8220;.vc_custom_1733484710324{border-top-width: 1px !important;border-right-width: 1px !important;border-bottom-width: 1px !important;border-left-width: 1px !important;padding-bottom: 20px !important;border-left-style: solid !important;border-right-style: solid !important;border-top-style: solid !important;border-bottom-style: solid !important;border-color: #DEDEDE !important;}&#8220;][\/vc_column][vc_column width=&#8220;1\/2&#8243; el_class=&#8220;vc_col-sm-pull-6&#8243;][vc_column_text css=&#8220;&#8220;]<\/p>\n<h2 style=\"text-align: right;\">GIFT CERTIFICATES<\/h2>\n<p class=\"western\">This voucher is exclusively for hotel and restaurant service.<\/p>\n<p class=\"western\">The holder of this Voucher acknowledges that the financial difference that can eventually arise by not spending the set amount of this voucher can\u00b4t be retroactively paid out.<\/p>\n<p class=\"western\">This voucher has to be signed by authorized person (management of the botel).<br \/>\nGift vouchers can be purchased in the value of 1000,- CZK, 2000,- CZK, 5000,- CZK<\/p>\n<p>[\/vc_column_text][vc_empty_space height=&#8220;15&#8243;][vc_btn title=&#8220;Telefonisch bestellen&#8220; align=&#8220;center&#8220; link=&#8220;url:tel%3A%2B420257321302|title:Kontakt||&#8220;][\/vc_column][\/vc_row][vc_row content_placement=&#8220;middle&#8220; disable_element=&#8220;yes&#8220;][vc_column width=&#8220;1\/2&#8243; el_class=&#8220;vc_col-sm-push-6&#8243;][vc_single_image image=&#8220;9788&#8243; img_size=&#8220;large&#8220;][\/vc_column][vc_column width=&#8220;1\/2&#8243; el_class=&#8220;vc_col-sm-pull-6&#8243;][vc_column_text]<\/p>\n<h2>GESCHENKZERTIFIKATE<\/h2>\n<p><span style=\"font-weight: 400;\">Ein tolles Geschenk f\u00fcr Ihre Lieben, Freunde oder Mitarbeiter:<\/span><\/p>\n<p><span style=\"font-weight: 400;\">Wir bieten Geschenkgutscheine an. Diese k\u00f6nnen f\u00fcr die Unterkunft oder in unserem Restaurant verwendet werden.<\/span><\/p>\n<p><span style=\"font-weight: 400;\">Zertifikate k\u00f6nnen zum Nennwert erworben werden:<\/span><\/p>\n<ul>\n<li><span style=\"font-weight: 400;\"> 1.000 CZK<\/span><\/li>\n<li><span style=\"font-weight: 400;\"> 2.000 CZK<\/span><\/li>\n<li><span style=\"font-weight: 400;\"> 5.000 CZK<\/span><\/li>\n<\/ul>\n<p>[\/vc_column_text][vc_btn title=&#8220;Telefonisch bestellen&#8220; align=&#8220;center&#8220; link=&#8220;url:tel%3A%2B420257321302|title:Kontakt||&#8220;][\/vc_column][\/vc_row][vc_row disable_element=&#8220;yes&#8220;][vc_column][vc_empty_space height=&#8220;60px&#8220;][vc_column_text]<\/p>\n<style type=\"text\/css\">\n#foogallery-gallery-7060.fg-justified .fg-item { margin-right: 1px; margin-bottom: 1px; }\n#foogallery-gallery-7060.fg-justified .fg-image { height: 200px; }<\/style>\n\t\t\t<style type=\"text\/css\">\n#foogallery-gallery-7060_1.fg-justified .fg-item { margin-right: 1px; margin-bottom: 1px; }\n#foogallery-gallery-7060_1.fg-justified .fg-image { height: 200px; }<\/style>\n\t\t\t<div class=\"foogallery foogallery-container foogallery-justified foogallery-lightbox-foobox fg-justified fg-ready fg-light fg-shadow-outline fg-loading-default fg-loaded-fade-in fg-caption-always fg-hover-fade fg-hover-zoom2\" id=\"foogallery-gallery-7060_1\" data-foogallery=\"{&quot;item&quot;:{&quot;showCaptionTitle&quot;:true,&quot;showCaptionDescription&quot;:false},&quot;lazy&quot;:true,&quot;template&quot;:{&quot;rowHeight&quot;:200,&quot;maxRowHeight&quot;:300,&quot;margins&quot;:1,&quot;align&quot;:&quot;center&quot;,&quot;lastRow&quot;:&quot;smart&quot;}}\" >\n\t<div class=\"fg-item fg-type-image fg-idle\"><figure class=\"fg-item-inner\"><a href=\"https:\/\/www.admiral-botel.cz\/wp-content\/uploads\/2021\/04\/Botel-2.jpg\" data-attachment-id=\"9383\" data-type=\"image\" class=\"fg-thumb\"><span class=\"fg-image-wrap\"><img fetchpriority=\"high\" decoding=\"async\" height=\"300\" width=\"418\" class=\"skip-lazy fg-image\" data-src-fg=\"https:\/\/www.admiral-botel.cz\/wp-content\/uploads\/cache\/2021\/04\/Botel-2\/395777765.jpg\" src=\"data:image\/svg+xml,%3Csvg%20xmlns%3D%22http%3A%2F%2Fwww.w3.org%2F2000%2Fsvg%22%20width%3D%22418%22%20height%3D%22300%22%20viewBox%3D%220%200%20418%20300%22%3E%3C%2Fsvg%3E\" loading=\"eager\"><\/span><span class=\"fg-image-overlay\"><\/span><\/a><\/figure><div class=\"fg-loader\"><\/div><\/div><div class=\"fg-item fg-type-image fg-idle\"><figure class=\"fg-item-inner\"><a href=\"https:\/\/www.admiral-botel.cz\/wp-content\/uploads\/2021\/04\/IMG_9696.jpg\" data-attachment-id=\"9376\" data-type=\"image\" class=\"fg-thumb\"><span class=\"fg-image-wrap\"><img decoding=\"async\" height=\"300\" width=\"464\" class=\"skip-lazy fg-image\" data-src-fg=\"https:\/\/www.admiral-botel.cz\/wp-content\/uploads\/cache\/2021\/04\/IMG_9696\/2203124007.jpg\" src=\"data:image\/svg+xml,%3Csvg%20xmlns%3D%22http%3A%2F%2Fwww.w3.org%2F2000%2Fsvg%22%20width%3D%22464%22%20height%3D%22300%22%20viewBox%3D%220%200%20464%20300%22%3E%3C%2Fsvg%3E\" loading=\"eager\"><\/span><span class=\"fg-image-overlay\"><\/span><\/a><\/figure><div class=\"fg-loader\"><\/div><\/div><div class=\"fg-item fg-type-image fg-idle\"><figure class=\"fg-item-inner\"><a href=\"https:\/\/www.admiral-botel.cz\/wp-content\/uploads\/2021\/04\/IMG_9650.jpg\" data-attachment-id=\"9375\" data-type=\"image\" class=\"fg-thumb\"><span class=\"fg-image-wrap\"><img decoding=\"async\" height=\"300\" width=\"450\" class=\"skip-lazy fg-image\" data-src-fg=\"https:\/\/www.admiral-botel.cz\/wp-content\/uploads\/cache\/2021\/04\/IMG_9650\/1168280332.jpg\" src=\"data:image\/svg+xml,%3Csvg%20xmlns%3D%22http%3A%2F%2Fwww.w3.org%2F2000%2Fsvg%22%20width%3D%22450%22%20height%3D%22300%22%20viewBox%3D%220%200%20450%20300%22%3E%3C%2Fsvg%3E\" loading=\"eager\"><\/span><span class=\"fg-image-overlay\"><\/span><\/a><\/figure><div class=\"fg-loader\"><\/div><\/div><div class=\"fg-item fg-type-image fg-idle\"><figure class=\"fg-item-inner\"><a href=\"https:\/\/www.admiral-botel.cz\/wp-content\/uploads\/2021\/04\/IMG_9647.jpg\" data-attachment-id=\"9373\" data-type=\"image\" class=\"fg-thumb\"><span class=\"fg-image-wrap\"><img decoding=\"async\" height=\"300\" width=\"450\" class=\"skip-lazy fg-image\" data-src-fg=\"https:\/\/www.admiral-botel.cz\/wp-content\/uploads\/cache\/2021\/04\/IMG_9647\/1312649575.jpg\" src=\"data:image\/svg+xml,%3Csvg%20xmlns%3D%22http%3A%2F%2Fwww.w3.org%2F2000%2Fsvg%22%20width%3D%22450%22%20height%3D%22300%22%20viewBox%3D%220%200%20450%20300%22%3E%3C%2Fsvg%3E\" loading=\"eager\"><\/span><span class=\"fg-image-overlay\"><\/span><\/a><\/figure><div class=\"fg-loader\"><\/div><\/div><\/div>\n\n<p>[\/vc_column_text][vc_empty_space height=&#8220;60px&#8220;][\/vc_column][\/vc_row][vc_row][vc_column offset=&#8220;vc_hidden-sm vc_hidden-xs&#8220;][vc_empty_space][vc_empty_space][\/vc_column][\/vc_row][vc_row][vc_column width=&#8220;1\/6&#8243; offset=&#8220;vc_hidden-sm vc_hidden-xs&#8220;][\/vc_column][vc_column width=&#8220;2\/3&#8243;][vc_empty_space][vc_column_text]<\/p>\n<h2 style=\"text-align: center;\">Kontaktiere uns<\/h2>\n<p>[\/vc_column_text][vc_column_text]\n<div class=\"wpcf7 no-js\" id=\"wpcf7-f11153-o1\" lang=\"de-DE\" dir=\"ltr\" data-wpcf7-id=\"11153\">\n<div class=\"screen-reader-response\"><p role=\"status\" aria-live=\"polite\" aria-atomic=\"true\"><\/p> <ul><\/ul><\/div>\n<form action=\"\/de\/wp-json\/wp\/v2\/pages\/10989#wpcf7-f11153-o1\" method=\"post\" class=\"wpcf7-form init\" aria-label=\"Kontaktformular\" novalidate=\"novalidate\" data-status=\"init\">\n<fieldset class=\"hidden-fields-container\"><input type=\"hidden\" name=\"_wpcf7\" value=\"11153\" \/><input type=\"hidden\" name=\"_wpcf7_version\" value=\"6.1.3\" \/><input type=\"hidden\" name=\"_wpcf7_locale\" value=\"de_DE\" \/><input type=\"hidden\" name=\"_wpcf7_unit_tag\" value=\"wpcf7-f11153-o1\" \/><input type=\"hidden\" name=\"_wpcf7_container_post\" value=\"0\" \/><input type=\"hidden\" name=\"_wpcf7_posted_data_hash\" value=\"\" \/>\n<\/fieldset>\n<div class=\"xform\">\n\t<div class=\"xforml\">\n\t\t<div class=\"xin xinl\">\n\t\t\t<p><span class=\"wpcf7-form-control-wrap\" data-name=\"your-name\"><input size=\"40\" maxlength=\"400\" class=\"wpcf7-form-control wpcf7-text wpcf7-validates-as-required\" aria-required=\"true\" aria-invalid=\"false\" placeholder=\"Ihr Name\" value=\"\" type=\"text\" name=\"your-name\" \/><\/span><br \/>\n<span class=\"wpcf7-form-control-wrap\" data-name=\"your-email\"><input size=\"40\" maxlength=\"400\" class=\"wpcf7-form-control wpcf7-email wpcf7-validates-as-required wpcf7-text wpcf7-validates-as-email\" aria-required=\"true\" aria-invalid=\"false\" placeholder=\"E-Mail Adresse\" value=\"\" type=\"email\" name=\"your-email\" \/><\/span><br \/>\n<span class=\"wpcf7-form-control-wrap\" data-name=\"your-phone\"><input size=\"40\" maxlength=\"400\" class=\"wpcf7-form-control wpcf7-tel wpcf7-validates-as-required wpcf7-text wpcf7-validates-as-tel\" aria-required=\"true\" aria-invalid=\"false\" placeholder=\"Telefon-Nummer\" value=\"\" type=\"tel\" name=\"your-phone\" \/><\/span><br \/>\n<span class=\"wpcf7-form-control-wrap\" data-name=\"typ-akce\"><input size=\"40\" maxlength=\"400\" class=\"wpcf7-form-control wpcf7-text wpcf7-validates-as-required\" aria-required=\"true\" aria-invalid=\"false\" placeholder=\"Typ des Ereignisses\" value=\"\" type=\"text\" name=\"typ-akce\" \/><\/span><br \/>\n<span class=\"wpcf7-form-control-wrap\" data-name=\"pocet-osob\"><input size=\"40\" maxlength=\"400\" class=\"wpcf7-form-control wpcf7-text\" aria-invalid=\"false\" value=\"Anzahl der Personen\" type=\"text\" name=\"pocet-osob\" \/><\/span><br \/>\n<span class=\"wpcf7-form-control-wrap\" data-name=\"check-in\"><input size=\"40\" maxlength=\"400\" class=\"wpcf7-form-control wpcf7-text\" aria-invalid=\"false\" value=\"Datum des Ereignisses\" type=\"text\" name=\"check-in\" \/><\/span>\n\t\t\t<\/p>\n\t\t<\/div>\n\t<\/div>\n\t<div class=\"xformr\">\n\t\t<div class=\"xin xinr\">\n\t\t\t<p>Haben Sie eine Nachricht?\n\t\t\t<\/p>\n\t\t\t<p><span class=\"wpcf7-form-control-wrap\" data-name=\"zprava\"><textarea cols=\"40\" rows=\"10\" maxlength=\"2000\" class=\"wpcf7-form-control wpcf7-textarea\" aria-invalid=\"false\" name=\"zprava\"><\/textarea><\/span>\n\t\t\t<\/p>\n\t\t<\/div>\n\t<\/div>\n\t<p><br style=\"clear:both;\" \/>\n\t<\/p>\n<\/div>\n<div class=\"xforms\">\n\t<p><input class=\"wpcf7-form-control wpcf7-submit has-spinner\" type=\"submit\" value=\"Unverbindliche Anfrage senden\" \/>\n\t<\/p>\n<\/div><div class=\"wpcf7-response-output\" aria-hidden=\"true\"><\/div>\n<\/form>\n<\/div>\n[\/vc_column_text][vc_empty_space][\/vc_column][vc_column width=&#8220;1\/6&#8243; offset=&#8220;vc_hidden-sm vc_hidden-xs&#8220;][\/vc_column][\/vc_row]<\/p>\n<\/div>","protected":false},"excerpt":{"rendered":"<p>[vc_row full_width=&#8220;stretch_row&#8220; content_placement=&#8220;middle&#8220; el_class=&#8220;featured&#8220; css=&#8220;.vc_custom_1618557888276{background-image: url(https:\/\/www.admiral-botel.cz\/wp-content\/uploads\/2021\/04\/botel-admiral_recepce.jpg?id=9662) !important;background-position: center !important;background-repeat: no-repeat !important;background-size: cover !important;}&#8220;][vc_column][vc_column_text] Rezeption Botel Admir\u00e1l [\/vc_column_text][\/vc_column][\/vc_row][vc_row content_placement=&#8220;middle&#8220;][vc_column width=&#8220;1\/2&#8243;][vc_single_image image=&#8220;10049&#8243; img_size=&#8220;large&#8220;][\/vc_column][vc_column width=&#8220;1\/2&#8243;][vc_column_text] DIENSTLEISTUNGEN Die Hotelrezeption ist<\/p>\n","protected":false},"author":12,"featured_media":0,"parent":0,"menu_order":0,"comment_status":"closed","ping_status":"closed","template":"","meta":{"_acf_changed":false,"footnotes":""},"tags":[],"class_list":["post-10989","page","type-page","status-publish","hentry"],"acf":[],"yoast_head":"<!-- This site is optimized with the Yoast SEO plugin v26.3 - https:\/\/yoast.com\/wordpress\/plugins\/seo\/ -->\n<title>Rezeption - Botel Admiral<\/title>\n<meta name=\"robots\" content=\"index, follow, max-snippet:-1, max-image-preview:large, max-video-preview:-1\" \/>\n<link rel=\"canonical\" href=\"https:\/\/www.admiral-botel.cz\/de\/rezeption\/\" \/>\n<meta property=\"og:locale\" content=\"de_DE\" \/>\n<meta property=\"og:type\" content=\"article\" \/>\n<meta property=\"og:title\" content=\"Rezeption - Botel Admiral\" \/>\n<meta property=\"og:description\" content=\"[vc_row full_width=&#8220;stretch_row&#8220; content_placement=&#8220;middle&#8220; el_class=&#8220;featured&#8220; css=&#8220;.vc_custom_1618557888276{background-image: url(https:\/\/www.admiral-botel.cz\/wp-content\/uploads\/2021\/04\/botel-admiral_recepce.jpg?id=9662) !important;background-position: center !important;background-repeat: no-repeat !important;background-size: cover !important;}&#8220;][vc_column][vc_column_text] Rezeption Botel Admir\u00e1l [\/vc_column_text][\/vc_column][\/vc_row][vc_row content_placement=&#8220;middle&#8220;][vc_column width=&#8220;1\/2&#8243;][vc_single_image image=&#8220;10049&#8243; img_size=&#8220;large&#8220;][\/vc_column][vc_column width=&#8220;1\/2&#8243;][vc_column_text] DIENSTLEISTUNGEN Die Hotelrezeption ist\" \/>\n<meta property=\"og:url\" content=\"https:\/\/www.admiral-botel.cz\/de\/rezeption\/\" \/>\n<meta property=\"og:site_name\" content=\"Botel Admiral\" \/>\n<meta property=\"article:modified_time\" content=\"2024-12-12T06:59:30+00:00\" \/>\n<meta name=\"twitter:card\" content=\"summary_large_image\" \/>\n<meta name=\"twitter:label1\" content=\"Gesch\u00e4tzte Lesezeit\" \/>\n\t<meta name=\"twitter:data1\" content=\"3\u00a0Minuten\" \/>\n<script type=\"application\/ld+json\" class=\"yoast-schema-graph\">{\"@context\":\"https:\/\/schema.org\",\"@graph\":[{\"@type\":\"WebPage\",\"@id\":\"https:\/\/www.admiral-botel.cz\/de\/rezeption\/\",\"url\":\"https:\/\/www.admiral-botel.cz\/de\/rezeption\/\",\"name\":\"Rezeption - Botel Admiral\",\"isPartOf\":{\"@id\":\"https:\/\/www.admiral-botel.cz\/#website\"},\"datePublished\":\"2021-04-14T13:37:04+00:00\",\"dateModified\":\"2024-12-12T06:59:30+00:00\",\"breadcrumb\":{\"@id\":\"https:\/\/www.admiral-botel.cz\/de\/rezeption\/#breadcrumb\"},\"inLanguage\":\"de\",\"potentialAction\":[{\"@type\":\"ReadAction\",\"target\":[\"https:\/\/www.admiral-botel.cz\/de\/rezeption\/\"]}]},{\"@type\":\"BreadcrumbList\",\"@id\":\"https:\/\/www.admiral-botel.cz\/de\/rezeption\/#breadcrumb\",\"itemListElement\":[{\"@type\":\"ListItem\",\"position\":1,\"name\":\"Home\",\"item\":\"https:\/\/www.admiral-botel.cz\/de\/\"},{\"@type\":\"ListItem\",\"position\":2,\"name\":\"Rezeption\"}]},{\"@type\":\"WebSite\",\"@id\":\"https:\/\/www.admiral-botel.cz\/#website\",\"url\":\"https:\/\/www.admiral-botel.cz\/\",\"name\":\"Botel Admiral\",\"description\":\"Romantick\u00e9 a pohodln\u00e9 ubytov\u00e1n\u00ed v centru m\u011bsta mezi Vy\u0161ehradem a mostem Palack\u00e9ho, na lev\u00e9m b\u0159ehu Vltavy\",\"potentialAction\":[{\"@type\":\"SearchAction\",\"target\":{\"@type\":\"EntryPoint\",\"urlTemplate\":\"https:\/\/www.admiral-botel.cz\/?s={search_term_string}\"},\"query-input\":{\"@type\":\"PropertyValueSpecification\",\"valueRequired\":true,\"valueName\":\"search_term_string\"}}],\"inLanguage\":\"de\"}]}<\/script>\n<!-- \/ Yoast SEO plugin. -->","yoast_head_json":{"title":"Rezeption - Botel Admiral","robots":{"index":"index","follow":"follow","max-snippet":"max-snippet:-1","max-image-preview":"max-image-preview:large","max-video-preview":"max-video-preview:-1"},"canonical":"https:\/\/www.admiral-botel.cz\/de\/rezeption\/","og_locale":"de_DE","og_type":"article","og_title":"Rezeption - Botel Admiral","og_description":"[vc_row full_width=&#8220;stretch_row&#8220; content_placement=&#8220;middle&#8220; el_class=&#8220;featured&#8220; css=&#8220;.vc_custom_1618557888276{background-image: url(https:\/\/www.admiral-botel.cz\/wp-content\/uploads\/2021\/04\/botel-admiral_recepce.jpg?id=9662) !important;background-position: center !important;background-repeat: no-repeat !important;background-size: cover !important;}&#8220;][vc_column][vc_column_text] Rezeption Botel Admir\u00e1l [\/vc_column_text][\/vc_column][\/vc_row][vc_row content_placement=&#8220;middle&#8220;][vc_column width=&#8220;1\/2&#8243;][vc_single_image image=&#8220;10049&#8243; img_size=&#8220;large&#8220;][\/vc_column][vc_column width=&#8220;1\/2&#8243;][vc_column_text] DIENSTLEISTUNGEN Die Hotelrezeption ist","og_url":"https:\/\/www.admiral-botel.cz\/de\/rezeption\/","og_site_name":"Botel Admiral","article_modified_time":"2024-12-12T06:59:30+00:00","twitter_card":"summary_large_image","twitter_misc":{"Gesch\u00e4tzte Lesezeit":"3\u00a0Minuten"},"schema":{"@context":"https:\/\/schema.org","@graph":[{"@type":"WebPage","@id":"https:\/\/www.admiral-botel.cz\/de\/rezeption\/","url":"https:\/\/www.admiral-botel.cz\/de\/rezeption\/","name":"Rezeption - Botel Admiral","isPartOf":{"@id":"https:\/\/www.admiral-botel.cz\/#website"},"datePublished":"2021-04-14T13:37:04+00:00","dateModified":"2024-12-12T06:59:30+00:00","breadcrumb":{"@id":"https:\/\/www.admiral-botel.cz\/de\/rezeption\/#breadcrumb"},"inLanguage":"de","potentialAction":[{"@type":"ReadAction","target":["https:\/\/www.admiral-botel.cz\/de\/rezeption\/"]}]},{"@type":"BreadcrumbList","@id":"https:\/\/www.admiral-botel.cz\/de\/rezeption\/#breadcrumb","itemListElement":[{"@type":"ListItem","position":1,"name":"Home","item":"https:\/\/www.admiral-botel.cz\/de\/"},{"@type":"ListItem","position":2,"name":"Rezeption"}]},{"@type":"WebSite","@id":"https:\/\/www.admiral-botel.cz\/#website","url":"https:\/\/www.admiral-botel.cz\/","name":"Botel Admiral","description":"Romantick\u00e9 a pohodln\u00e9 ubytov\u00e1n\u00ed v centru m\u011bsta mezi Vy\u0161ehradem a mostem Palack\u00e9ho, na lev\u00e9m b\u0159ehu Vltavy","potentialAction":[{"@type":"SearchAction","target":{"@type":"EntryPoint","urlTemplate":"https:\/\/www.admiral-botel.cz\/?s={search_term_string}"},"query-input":{"@type":"PropertyValueSpecification","valueRequired":true,"valueName":"search_term_string"}}],"inLanguage":"de"}]}},"publishpress_future_action":{"enabled":false,"date":"2026-04-23 02:29:10","action":"change-status","newStatus":"draft","terms":[],"taxonomy":"post_tag","extraData":[]},"publishpress_future_workflow_manual_trigger":{"enabledWorkflows":[]},"_links":{"self":[{"href":"https:\/\/www.admiral-botel.cz\/de\/wp-json\/wp\/v2\/pages\/10989","targetHints":{"allow":["GET"]}}],"collection":[{"href":"https:\/\/www.admiral-botel.cz\/de\/wp-json\/wp\/v2\/pages"}],"about":[{"href":"https:\/\/www.admiral-botel.cz\/de\/wp-json\/wp\/v2\/types\/page"}],"author":[{"embeddable":true,"href":"https:\/\/www.admiral-botel.cz\/de\/wp-json\/wp\/v2\/users\/12"}],"replies":[{"embeddable":true,"href":"https:\/\/www.admiral-botel.cz\/de\/wp-json\/wp\/v2\/comments?post=10989"}],"version-history":[{"count":0,"href":"https:\/\/www.admiral-botel.cz\/de\/wp-json\/wp\/v2\/pages\/10989\/revisions"}],"wp:attachment":[{"href":"https:\/\/www.admiral-botel.cz\/de\/wp-json\/wp\/v2\/media?parent=10989"}],"wp:term":[{"taxonomy":"post_tag","embeddable":true,"href":"https:\/\/www.admiral-botel.cz\/de\/wp-json\/wp\/v2\/tags?post=10989"}],"curies":[{"name":"wp","href":"https:\/\/api.w.org\/{rel}","templated":true}]}}