{"id":12230,"date":"2023-07-27T10:18:07","date_gmt":"2023-07-27T10:18:07","guid":{"rendered":"https:\/\/www.admiral-botel.cz\/pokoj-komfort\/"},"modified":"2025-05-23T10:34:00","modified_gmt":"2025-05-23T10:34:00","slug":"pokoj-komfort","status":"publish","type":"page","link":"https:\/\/www.admiral-botel.cz\/de\/pokoj-komfort\/","title":{"rendered":"Komfortzimmer"},"content":{"rendered":"<div class=\"wpb-content-wrapper\"><p>[vc_row full_width=&#8220;stretch_row&#8220; content_placement=&#8220;middle&#8220; el_class=&#8220;featured&#8220;][vc_column][vc_column_text]<\/p>\n<h1>Komfortzimmer<\/h1>\n<p>[\/vc_column_text][\/vc_column][\/vc_row][vc_row][vc_column][vc_row_inner equal_height=&#8220;yes&#8220; content_placement=&#8220;middle&#8220;][vc_column_inner width=&#8220;1\/2&#8243;][vc_single_image image=&#8220;12187&#8243; img_size=&#8220;large&#8220;][\/vc_column_inner][vc_column_inner width=&#8220;1\/2&#8243;][vc_column_text css=&#8220;.vc_custom_1747996436831{padding-right: 10px !important;padding-left: 10px !important;}&#8220;]Neues, modern eingerichtetes Doppelzimmer mit geteilten Betten, Klimaanlage, gro\u00dfem Flachbild-Sat-TV, elegantem Badezimmer mit Dusche und Haartrockner und romantischem Blick auf den Fluss[\/vc_column_text][vc_empty_space][vc_btn title=&#8220;EIN ZIMMER BUCHEN&#8220; color=&#8220;default&#8220; align=&#8220;center&#8220; link=&#8220;url:%2Frezervace%2F%3FroomType%3D669602|||&#8220;][\/vc_column_inner][\/vc_row_inner][vc_empty_space][\/vc_column][\/vc_row][vc_row][vc_column][vc_empty_space][vc_column_text]<\/p>\n<style type=\"text\/css\">\n#foogallery-gallery-12202 .fg-image { width: 207px; }\n#foogallery-gallery-12202 { --fg-gutter: 10px; }<\/style>\n\t\t\t<style type=\"text\/css\">\n#foogallery-gallery-12202_1 .fg-image { width: 207px; }\n#foogallery-gallery-12202_1 { --fg-gutter: 10px; }<\/style>\n\t\t\t<div class=\"foogallery foogallery-container foogallery-default foogallery-lightbox-foobox fg-center fg-default fg-ready fg-light fg-border-thin fg-shadow-outline fg-loading-default fg-loaded-fade-in fg-caption-hover fg-hover-fade fg-hover-zoom\" id=\"foogallery-gallery-12202_1\" data-foogallery=\"{&quot;item&quot;:{&quot;showCaptionTitle&quot;:true,&quot;showCaptionDescription&quot;:true},&quot;lazy&quot;:true,&quot;paging&quot;:{&quot;type&quot;:&quot;dots&quot;,&quot;size&quot;:6,&quot;position&quot;:&quot;bottom&quot;,&quot;scrollToTop&quot;:false,&quot;output&quot;:&quot;html&quot;,&quot;theme&quot;:&quot;fg-light&quot;}}\" >\n\t<div class=\"fg-item fg-type-image fg-idle\"><figure class=\"fg-item-inner\"><a href=\"https:\/\/www.admiral-botel.cz\/wp-content\/uploads\/2023\/07\/pokoj-2-pohled-zezadu.jpg\" data-attachment-id=\"12143\" data-type=\"image\" class=\"fg-thumb\"><span class=\"fg-image-wrap\"><img decoding=\"async\" width=\"207\" height=\"200\" class=\"skip-lazy fg-image\" data-src-fg=\"https:\/\/www.admiral-botel.cz\/wp-content\/uploads\/cache\/2023\/07\/pokoj-2-pohled-zezadu\/2784279177.jpg\" src=\"data:image\/svg+xml,%3Csvg%20xmlns%3D%22http%3A%2F%2Fwww.w3.org%2F2000%2Fsvg%22%20width%3D%22207%22%20height%3D%22200%22%20viewBox%3D%220%200%20207%20200%22%3E%3C%2Fsvg%3E\" loading=\"eager\"><\/span><span class=\"fg-image-overlay\"><\/span><\/a><\/figure><div class=\"fg-loader\"><\/div><\/div><div class=\"fg-item fg-type-image fg-idle\"><figure class=\"fg-item-inner\"><a href=\"https:\/\/www.admiral-botel.cz\/wp-content\/uploads\/2023\/07\/pokoj-2-pohled-zepredu.jpg\" data-attachment-id=\"12147\" data-type=\"image\" class=\"fg-thumb\"><span class=\"fg-image-wrap\"><img decoding=\"async\" width=\"207\" height=\"200\" class=\"skip-lazy fg-image\" data-src-fg=\"https:\/\/www.admiral-botel.cz\/wp-content\/uploads\/cache\/2023\/07\/pokoj-2-pohled-zepredu\/3958478823.jpg\" src=\"data:image\/svg+xml,%3Csvg%20xmlns%3D%22http%3A%2F%2Fwww.w3.org%2F2000%2Fsvg%22%20width%3D%22207%22%20height%3D%22200%22%20viewBox%3D%220%200%20207%20200%22%3E%3C%2Fsvg%3E\" loading=\"eager\"><\/span><span class=\"fg-image-overlay\"><\/span><\/a><\/figure><div class=\"fg-loader\"><\/div><\/div><div class=\"fg-item fg-type-image fg-idle\"><figure class=\"fg-item-inner\"><a href=\"https:\/\/www.admiral-botel.cz\/wp-content\/uploads\/2023\/07\/pokoj-1-zepredu.jpg\" data-attachment-id=\"12163\" data-type=\"image\" class=\"fg-thumb\"><span class=\"fg-image-wrap\"><img decoding=\"async\" width=\"207\" height=\"200\" class=\"skip-lazy fg-image\" data-src-fg=\"https:\/\/www.admiral-botel.cz\/wp-content\/uploads\/cache\/2023\/07\/pokoj-1-zepredu\/4237638732.jpg\" src=\"data:image\/svg+xml,%3Csvg%20xmlns%3D%22http%3A%2F%2Fwww.w3.org%2F2000%2Fsvg%22%20width%3D%22207%22%20height%3D%22200%22%20viewBox%3D%220%200%20207%20200%22%3E%3C%2Fsvg%3E\" loading=\"eager\"><\/span><span class=\"fg-image-overlay\"><\/span><\/a><\/figure><div class=\"fg-loader\"><\/div><\/div><div class=\"fg-item fg-type-image fg-idle\"><figure class=\"fg-item-inner\"><a href=\"https:\/\/www.admiral-botel.cz\/wp-content\/uploads\/2023\/07\/pokoj-1-panorama.jpg\" data-attachment-id=\"12195\" data-type=\"image\" class=\"fg-thumb\"><span class=\"fg-image-wrap\"><img decoding=\"async\" width=\"207\" height=\"200\" class=\"skip-lazy fg-image\" data-src-fg=\"https:\/\/www.admiral-botel.cz\/wp-content\/uploads\/cache\/2023\/07\/pokoj-1-panorama\/1786368058.jpg\" src=\"data:image\/svg+xml,%3Csvg%20xmlns%3D%22http%3A%2F%2Fwww.w3.org%2F2000%2Fsvg%22%20width%3D%22207%22%20height%3D%22200%22%20viewBox%3D%220%200%20207%20200%22%3E%3C%2Fsvg%3E\" loading=\"eager\"><\/span><span class=\"fg-image-overlay\"><\/span><\/a><\/figure><div class=\"fg-loader\"><\/div><\/div><div class=\"fg-item fg-type-image fg-idle\"><figure class=\"fg-item-inner\"><a href=\"https:\/\/www.admiral-botel.cz\/wp-content\/uploads\/2023\/07\/pokoj-1-televizeklimatizace.jpg\" data-attachment-id=\"12175\" data-type=\"image\" class=\"fg-thumb\"><span class=\"fg-image-wrap\"><img decoding=\"async\" width=\"207\" height=\"200\" class=\"skip-lazy fg-image\" data-src-fg=\"https:\/\/www.admiral-botel.cz\/wp-content\/uploads\/cache\/2023\/07\/pokoj-1-televizeklimatizace\/2160657097.jpg\" src=\"data:image\/svg+xml,%3Csvg%20xmlns%3D%22http%3A%2F%2Fwww.w3.org%2F2000%2Fsvg%22%20width%3D%22207%22%20height%3D%22200%22%20viewBox%3D%220%200%20207%20200%22%3E%3C%2Fsvg%3E\" loading=\"eager\"><\/span><span class=\"fg-image-overlay\"><\/span><\/a><\/figure><div class=\"fg-loader\"><\/div><\/div><div class=\"fg-item fg-type-image fg-idle\"><figure class=\"fg-item-inner\"><a href=\"https:\/\/www.admiral-botel.cz\/wp-content\/uploads\/2023\/07\/pokoj-2-pohled-sprcha.jpg\" data-attachment-id=\"12151\" data-type=\"image\" class=\"fg-thumb\"><span class=\"fg-image-wrap\"><img decoding=\"async\" width=\"207\" height=\"200\" class=\"skip-lazy fg-image\" data-src-fg=\"https:\/\/www.admiral-botel.cz\/wp-content\/uploads\/cache\/2023\/07\/pokoj-2-pohled-sprcha\/828209297.jpg\" src=\"data:image\/svg+xml,%3Csvg%20xmlns%3D%22http%3A%2F%2Fwww.w3.org%2F2000%2Fsvg%22%20width%3D%22207%22%20height%3D%22200%22%20viewBox%3D%220%200%20207%20200%22%3E%3C%2Fsvg%3E\" loading=\"eager\"><\/span><span class=\"fg-image-overlay\"><\/span><\/a><\/figure><div class=\"fg-loader\"><\/div><\/div><div class=\"fg-item fg-type-image fg-idle fg-hidden\"><figure class=\"fg-item-inner\"><a href=\"https:\/\/www.admiral-botel.cz\/wp-content\/uploads\/2023\/07\/pokoj-2-pohled-koupelna.jpg\" data-attachment-id=\"12159\" data-type=\"image\" class=\"fg-thumb\"><span class=\"fg-image-wrap\"><img decoding=\"async\" width=\"207\" height=\"200\" class=\"skip-lazy fg-image\" data-src-fg=\"https:\/\/www.admiral-botel.cz\/wp-content\/uploads\/cache\/2023\/07\/pokoj-2-pohled-koupelna\/980311007.jpg\" src=\"data:image\/svg+xml,%3Csvg%20xmlns%3D%22http%3A%2F%2Fwww.w3.org%2F2000%2Fsvg%22%20width%3D%22207%22%20height%3D%22200%22%20viewBox%3D%220%200%20207%20200%22%3E%3C%2Fsvg%3E\" loading=\"eager\"><\/span><span class=\"fg-image-overlay\"><\/span><\/a><\/figure><div class=\"fg-loader\"><\/div><\/div><div class=\"fg-item fg-type-image fg-idle fg-hidden\"><figure class=\"fg-item-inner\"><a href=\"https:\/\/www.admiral-botel.cz\/wp-content\/uploads\/2023\/07\/pokoj-1-foto-umyvadlo-toaleta.jpg\" data-attachment-id=\"12191\" data-type=\"image\" class=\"fg-thumb\"><span class=\"fg-image-wrap\"><img decoding=\"async\" width=\"207\" height=\"200\" class=\"skip-lazy fg-image\" data-src-fg=\"https:\/\/www.admiral-botel.cz\/wp-content\/uploads\/cache\/2023\/07\/pokoj-1-foto-umyvadlo-toaleta\/1332500884.jpg\" src=\"data:image\/svg+xml,%3Csvg%20xmlns%3D%22http%3A%2F%2Fwww.w3.org%2F2000%2Fsvg%22%20width%3D%22207%22%20height%3D%22200%22%20viewBox%3D%220%200%20207%20200%22%3E%3C%2Fsvg%3E\" loading=\"eager\"><\/span><span class=\"fg-image-overlay\"><\/span><\/a><\/figure><div class=\"fg-loader\"><\/div><\/div><div class=\"fg-item fg-type-image fg-idle fg-hidden\"><figure class=\"fg-item-inner\"><a href=\"https:\/\/www.admiral-botel.cz\/wp-content\/uploads\/2023\/07\/pokoj-1-pohled-sprchaumyvadlo.jpg\" data-attachment-id=\"12183\" data-type=\"image\" class=\"fg-thumb\"><span class=\"fg-image-wrap\"><img decoding=\"async\" width=\"207\" height=\"200\" class=\"skip-lazy fg-image\" data-src-fg=\"https:\/\/www.admiral-botel.cz\/wp-content\/uploads\/cache\/2023\/07\/pokoj-1-pohled-sprchaumyvadlo\/332942044.jpg\" src=\"data:image\/svg+xml,%3Csvg%20xmlns%3D%22http%3A%2F%2Fwww.w3.org%2F2000%2Fsvg%22%20width%3D%22207%22%20height%3D%22200%22%20viewBox%3D%220%200%20207%20200%22%3E%3C%2Fsvg%3E\" loading=\"eager\"><\/span><span class=\"fg-image-overlay\"><\/span><\/a><\/figure><div class=\"fg-loader\"><\/div><\/div><div class=\"fg-item fg-type-image fg-idle fg-hidden\"><figure class=\"fg-item-inner\"><a href=\"https:\/\/www.admiral-botel.cz\/wp-content\/uploads\/2023\/07\/pokoj-1-sprcha.jpg\" data-attachment-id=\"12179\" data-type=\"image\" class=\"fg-thumb\"><span class=\"fg-image-wrap\"><img decoding=\"async\" width=\"207\" height=\"200\" class=\"skip-lazy fg-image\" data-src-fg=\"https:\/\/www.admiral-botel.cz\/wp-content\/uploads\/cache\/2023\/07\/pokoj-1-sprcha\/629598913.jpg\" src=\"data:image\/svg+xml,%3Csvg%20xmlns%3D%22http%3A%2F%2Fwww.w3.org%2F2000%2Fsvg%22%20width%3D%22207%22%20height%3D%22200%22%20viewBox%3D%220%200%20207%20200%22%3E%3C%2Fsvg%3E\" loading=\"eager\"><\/span><span class=\"fg-image-overlay\"><\/span><\/a><\/figure><div class=\"fg-loader\"><\/div><\/div><div class=\"fg-item fg-type-image fg-idle fg-hidden\"><figure class=\"fg-item-inner\"><a href=\"https:\/\/www.admiral-botel.cz\/wp-content\/uploads\/2023\/07\/pokoj-1-toaleta.jpg\" data-attachment-id=\"12171\" data-type=\"image\" class=\"fg-thumb\"><span class=\"fg-image-wrap\"><img decoding=\"async\" width=\"207\" height=\"200\" class=\"skip-lazy fg-image\" data-src-fg=\"https:\/\/www.admiral-botel.cz\/wp-content\/uploads\/cache\/2023\/07\/pokoj-1-toaleta\/253860652.jpg\" src=\"data:image\/svg+xml,%3Csvg%20xmlns%3D%22http%3A%2F%2Fwww.w3.org%2F2000%2Fsvg%22%20width%3D%22207%22%20height%3D%22200%22%20viewBox%3D%220%200%20207%20200%22%3E%3C%2Fsvg%3E\" loading=\"eager\"><\/span><span class=\"fg-image-overlay\"><\/span><\/a><\/figure><div class=\"fg-loader\"><\/div><\/div><div class=\"fg-item fg-type-image fg-idle fg-hidden\"><figure class=\"fg-item-inner\"><a href=\"https:\/\/www.admiral-botel.cz\/wp-content\/uploads\/2023\/07\/pokoj-1-toaletaumyvadlo.jpg\" data-attachment-id=\"12167\" data-type=\"image\" class=\"fg-thumb\"><span class=\"fg-image-wrap\"><img decoding=\"async\" width=\"207\" height=\"200\" class=\"skip-lazy fg-image\" data-src-fg=\"https:\/\/www.admiral-botel.cz\/wp-content\/uploads\/cache\/2023\/07\/pokoj-1-toaletaumyvadlo\/3081220110.jpg\" src=\"data:image\/svg+xml,%3Csvg%20xmlns%3D%22http%3A%2F%2Fwww.w3.org%2F2000%2Fsvg%22%20width%3D%22207%22%20height%3D%22200%22%20viewBox%3D%220%200%20207%20200%22%3E%3C%2Fsvg%3E\" loading=\"eager\"><\/span><span class=\"fg-image-overlay\"><\/span><\/a><\/figure><div class=\"fg-loader\"><\/div><\/div><\/div>\n<nav id=\"foogallery-gallery-12202_1_paging-bottom\" class=\"fg-paging-container fg-ph-dots\"><\/nav><nav id=\"foogallery-gallery-12202_paging-bottom\" class=\"fg-paging-container fg-ph-dots\"><\/nav>\n<p>[\/vc_column_text][vc_empty_space][\/vc_column][\/vc_row][vc_row full_width=&#8220;stretch_row&#8220; el_class=&#8220;brown&#8220;][vc_column][vc_column_text]<\/p>\n<h2 style=\"text-align: center;\">M\u00d6CHTEN SIE EINEN ANDEREN ZIMMERTYP?<\/h2>\n<p>[\/vc_column_text][vc_column_text]<div class=\"toppackages\"><div class=\"toppackage xzoom\" ><a href=\"https:\/\/www.admiral-botel.cz\/de\/standardzimmer\/\">\n<img decoding=\"async\" class=\"inimg\" src=\"https:\/\/www.admiral-botel.cz\/wp-content\/uploads\/2021\/04\/botel-admiral_standard-1024x683.jpg\" \/>\n<div class=\"intoppackage\" ><h3>Standardzimmer<\/h3><p>Das Botel Admir\u00e1l bietet attraktive Unterk\u00fcnfte an der Moldau im Zentrum von Prag in 84 Zimmern. Komm und lass uns auf den Wellen treiben\u2026<\/p><div class=\"pprice\">Von 1520,-<\/div><span  class=\"splink\">Mehr \u00fcber das Zimmer >><\/span><\/div><\/a><\/div><div class=\"toppackage xzoom\" ><a href=\"https:\/\/www.admiral-botel.cz\/de\/lux-zimmer\/\">\n<img decoding=\"async\" class=\"inimg\" src=\"https:\/\/www.admiral-botel.cz\/wp-content\/uploads\/2021\/05\/pokoj-lux-2048-1475-max-1024x683.jpg\" \/>\n<div class=\"intoppackage\" ><h3>Lux Zimmer<\/h3><p>Das komfortable Lux Zimmer ist perfekt f\u00fcr einen romantischen Aufenthalt zu zweit. <\/p><div class=\"pprice\">Von 2000,-<\/div><span  class=\"splink\">Mehr \u00fcber das Zimmer >><\/span><\/div><\/a><\/div><div class=\"toppackage xzoom\" ><a href=\"https:\/\/www.admiral-botel.cz\/de\/deluxe-zimmer\/\">\n<img decoding=\"async\" class=\"inimg\" src=\"https:\/\/www.admiral-botel.cz\/wp-content\/uploads\/2021\/04\/2048-1365-max-4-1024x683.jpg\" \/>\n<div class=\"intoppackage\" ><h3>Deluxe Zimmer<\/h3><p>F\u00fcr diejenigen, die mehr Platz als ein normales Zimmer bevorzugen, stehen DELUX-Zimmer zur Verf\u00fcgung.<\/p><div class=\"pprice\">Von 2450,-<\/div><span  class=\"splink\">Mehr \u00fcber das Zimmer >><\/span><\/div><\/a><\/div><div class=\"toppackage xzoom\" ><a href=\"https:\/\/www.admiral-botel.cz\/de\/vip-suite\/\">\n<img decoding=\"async\" class=\"inimg\" src=\"https:\/\/www.admiral-botel.cz\/wp-content\/uploads\/2021\/04\/i-Lb2t7tC-X3-1024x683.jpg\" \/>\n<div class=\"intoppackage\" ><h3>VIP Suite<\/h3><p>Wir k\u00f6nnen Ihnen den Komfort bieten, den Sie in unserer VIP SUITE **** suchen. <\/p><div class=\"pprice\">Von 3350,-<\/div><span  class=\"splink\">Mehr \u00fcber das Zimmer >><\/span><\/div><\/a><\/div><br style=\"clear:both;;\" \/><\/div>[\/vc_column_text][\/vc_column][\/vc_row]<\/p>\n<\/div>","protected":false},"excerpt":{"rendered":"<p>Komfortzimmer: neues, modern eingerichtetes Doppelzimmer mit geteilten Betten, Klimaanlage, gro\u00dfem Flachbild-Sat-TV, elegantem Badezimmer mit Dusche und Haartrockner und romantischem Blick auf den Fluss<\/p>\n","protected":false},"author":12,"featured_media":12157,"parent":0,"menu_order":1,"comment_status":"closed","ping_status":"closed","template":"","meta":{"_acf_changed":false,"footnotes":""},"tags":[226,221],"class_list":["post-12230","page","type-page","status-publish","has-post-thumbnail","hentry","tag-de","tag-pokoje-de"],"acf":[],"yoast_head":"<!-- This site is optimized with the Yoast SEO plugin v26.3 - https:\/\/yoast.com\/wordpress\/plugins\/seo\/ -->\n<title>Komfortzimmer - Botel Admiral<\/title>\n<meta name=\"robots\" content=\"index, follow, max-snippet:-1, max-image-preview:large, max-video-preview:-1\" \/>\n<link rel=\"canonical\" href=\"https:\/\/www.admiral-botel.cz\/de\/pokoj-komfort\/\" \/>\n<meta property=\"og:locale\" content=\"de_DE\" \/>\n<meta property=\"og:type\" content=\"article\" \/>\n<meta property=\"og:title\" content=\"Komfortzimmer - Botel Admiral\" \/>\n<meta property=\"og:description\" content=\"Komfortzimmer: neues, modern eingerichtetes Doppelzimmer mit geteilten Betten, Klimaanlage, gro\u00dfem Flachbild-Sat-TV, elegantem Badezimmer mit Dusche und Haartrockner und romantischem Blick auf den Fluss\" \/>\n<meta property=\"og:url\" content=\"https:\/\/www.admiral-botel.cz\/de\/pokoj-komfort\/\" \/>\n<meta property=\"og:site_name\" content=\"Botel Admiral\" \/>\n<meta property=\"article:modified_time\" content=\"2025-05-23T10:34:00+00:00\" \/>\n<meta property=\"og:image\" content=\"https:\/\/www.admiral-botel.cz\/wp-content\/uploads\/2023\/07\/pokoj-2-pohled-na-postele.jpg\" \/>\n\t<meta property=\"og:image:width\" content=\"1920\" \/>\n\t<meta property=\"og:image:height\" content=\"1440\" \/>\n\t<meta property=\"og:image:type\" content=\"image\/jpeg\" \/>\n<meta name=\"twitter:card\" content=\"summary_large_image\" \/>\n<meta name=\"twitter:label1\" content=\"Gesch\u00e4tzte Lesezeit\" \/>\n\t<meta name=\"twitter:data1\" content=\"1\u00a0Minute\" \/>\n<script type=\"application\/ld+json\" class=\"yoast-schema-graph\">{\"@context\":\"https:\/\/schema.org\",\"@graph\":[{\"@type\":\"WebPage\",\"@id\":\"https:\/\/www.admiral-botel.cz\/de\/pokoj-komfort\/\",\"url\":\"https:\/\/www.admiral-botel.cz\/de\/pokoj-komfort\/\",\"name\":\"Komfortzimmer - Botel Admiral\",\"isPartOf\":{\"@id\":\"https:\/\/www.admiral-botel.cz\/#website\"},\"primaryImageOfPage\":{\"@id\":\"https:\/\/www.admiral-botel.cz\/de\/pokoj-komfort\/#primaryimage\"},\"image\":{\"@id\":\"https:\/\/www.admiral-botel.cz\/de\/pokoj-komfort\/#primaryimage\"},\"thumbnailUrl\":\"https:\/\/www.admiral-botel.cz\/wp-content\/uploads\/2023\/07\/pokoj-2-pohled-na-postele.jpg\",\"datePublished\":\"2023-07-27T10:18:07+00:00\",\"dateModified\":\"2025-05-23T10:34:00+00:00\",\"breadcrumb\":{\"@id\":\"https:\/\/www.admiral-botel.cz\/de\/pokoj-komfort\/#breadcrumb\"},\"inLanguage\":\"de\",\"potentialAction\":[{\"@type\":\"ReadAction\",\"target\":[\"https:\/\/www.admiral-botel.cz\/de\/pokoj-komfort\/\"]}]},{\"@type\":\"ImageObject\",\"inLanguage\":\"de\",\"@id\":\"https:\/\/www.admiral-botel.cz\/de\/pokoj-komfort\/#primaryimage\",\"url\":\"https:\/\/www.admiral-botel.cz\/wp-content\/uploads\/2023\/07\/pokoj-2-pohled-na-postele.jpg\",\"contentUrl\":\"https:\/\/www.admiral-botel.cz\/wp-content\/uploads\/2023\/07\/pokoj-2-pohled-na-postele.jpg\",\"width\":1920,\"height\":1440},{\"@type\":\"BreadcrumbList\",\"@id\":\"https:\/\/www.admiral-botel.cz\/de\/pokoj-komfort\/#breadcrumb\",\"itemListElement\":[{\"@type\":\"ListItem\",\"position\":1,\"name\":\"Home\",\"item\":\"https:\/\/www.admiral-botel.cz\/de\/\"},{\"@type\":\"ListItem\",\"position\":2,\"name\":\"Komfortzimmer\"}]},{\"@type\":\"WebSite\",\"@id\":\"https:\/\/www.admiral-botel.cz\/#website\",\"url\":\"https:\/\/www.admiral-botel.cz\/\",\"name\":\"Botel Admiral\",\"description\":\"Romantick\u00e9 a pohodln\u00e9 ubytov\u00e1n\u00ed v centru m\u011bsta mezi Vy\u0161ehradem a mostem Palack\u00e9ho, na lev\u00e9m b\u0159ehu Vltavy\",\"potentialAction\":[{\"@type\":\"SearchAction\",\"target\":{\"@type\":\"EntryPoint\",\"urlTemplate\":\"https:\/\/www.admiral-botel.cz\/?s={search_term_string}\"},\"query-input\":{\"@type\":\"PropertyValueSpecification\",\"valueRequired\":true,\"valueName\":\"search_term_string\"}}],\"inLanguage\":\"de\"}]}<\/script>\n<!-- \/ Yoast SEO plugin. -->","yoast_head_json":{"title":"Komfortzimmer - Botel Admiral","robots":{"index":"index","follow":"follow","max-snippet":"max-snippet:-1","max-image-preview":"max-image-preview:large","max-video-preview":"max-video-preview:-1"},"canonical":"https:\/\/www.admiral-botel.cz\/de\/pokoj-komfort\/","og_locale":"de_DE","og_type":"article","og_title":"Komfortzimmer - Botel Admiral","og_description":"Komfortzimmer: neues, modern eingerichtetes Doppelzimmer mit geteilten Betten, Klimaanlage, gro\u00dfem Flachbild-Sat-TV, elegantem Badezimmer mit Dusche und Haartrockner und romantischem Blick auf den Fluss","og_url":"https:\/\/www.admiral-botel.cz\/de\/pokoj-komfort\/","og_site_name":"Botel Admiral","article_modified_time":"2025-05-23T10:34:00+00:00","og_image":[{"width":1920,"height":1440,"url":"https:\/\/www.admiral-botel.cz\/wp-content\/uploads\/2023\/07\/pokoj-2-pohled-na-postele.jpg","type":"image\/jpeg"}],"twitter_card":"summary_large_image","twitter_misc":{"Gesch\u00e4tzte Lesezeit":"1\u00a0Minute"},"schema":{"@context":"https:\/\/schema.org","@graph":[{"@type":"WebPage","@id":"https:\/\/www.admiral-botel.cz\/de\/pokoj-komfort\/","url":"https:\/\/www.admiral-botel.cz\/de\/pokoj-komfort\/","name":"Komfortzimmer - Botel Admiral","isPartOf":{"@id":"https:\/\/www.admiral-botel.cz\/#website"},"primaryImageOfPage":{"@id":"https:\/\/www.admiral-botel.cz\/de\/pokoj-komfort\/#primaryimage"},"image":{"@id":"https:\/\/www.admiral-botel.cz\/de\/pokoj-komfort\/#primaryimage"},"thumbnailUrl":"https:\/\/www.admiral-botel.cz\/wp-content\/uploads\/2023\/07\/pokoj-2-pohled-na-postele.jpg","datePublished":"2023-07-27T10:18:07+00:00","dateModified":"2025-05-23T10:34:00+00:00","breadcrumb":{"@id":"https:\/\/www.admiral-botel.cz\/de\/pokoj-komfort\/#breadcrumb"},"inLanguage":"de","potentialAction":[{"@type":"ReadAction","target":["https:\/\/www.admiral-botel.cz\/de\/pokoj-komfort\/"]}]},{"@type":"ImageObject","inLanguage":"de","@id":"https:\/\/www.admiral-botel.cz\/de\/pokoj-komfort\/#primaryimage","url":"https:\/\/www.admiral-botel.cz\/wp-content\/uploads\/2023\/07\/pokoj-2-pohled-na-postele.jpg","contentUrl":"https:\/\/www.admiral-botel.cz\/wp-content\/uploads\/2023\/07\/pokoj-2-pohled-na-postele.jpg","width":1920,"height":1440},{"@type":"BreadcrumbList","@id":"https:\/\/www.admiral-botel.cz\/de\/pokoj-komfort\/#breadcrumb","itemListElement":[{"@type":"ListItem","position":1,"name":"Home","item":"https:\/\/www.admiral-botel.cz\/de\/"},{"@type":"ListItem","position":2,"name":"Komfortzimmer"}]},{"@type":"WebSite","@id":"https:\/\/www.admiral-botel.cz\/#website","url":"https:\/\/www.admiral-botel.cz\/","name":"Botel Admiral","description":"Romantick\u00e9 a pohodln\u00e9 ubytov\u00e1n\u00ed v centru m\u011bsta mezi Vy\u0161ehradem a mostem Palack\u00e9ho, na lev\u00e9m b\u0159ehu Vltavy","potentialAction":[{"@type":"SearchAction","target":{"@type":"EntryPoint","urlTemplate":"https:\/\/www.admiral-botel.cz\/?s={search_term_string}"},"query-input":{"@type":"PropertyValueSpecification","valueRequired":true,"valueName":"search_term_string"}}],"inLanguage":"de"}]}},"publishpress_future_action":{"enabled":false,"date":"2026-04-23 01:13:47","action":"change-status","newStatus":"draft","terms":[],"taxonomy":"post_tag","extraData":[]},"publishpress_future_workflow_manual_trigger":{"enabledWorkflows":[]},"_links":{"self":[{"href":"https:\/\/www.admiral-botel.cz\/de\/wp-json\/wp\/v2\/pages\/12230","targetHints":{"allow":["GET"]}}],"collection":[{"href":"https:\/\/www.admiral-botel.cz\/de\/wp-json\/wp\/v2\/pages"}],"about":[{"href":"https:\/\/www.admiral-botel.cz\/de\/wp-json\/wp\/v2\/types\/page"}],"author":[{"embeddable":true,"href":"https:\/\/www.admiral-botel.cz\/de\/wp-json\/wp\/v2\/users\/12"}],"replies":[{"embeddable":true,"href":"https:\/\/www.admiral-botel.cz\/de\/wp-json\/wp\/v2\/comments?post=12230"}],"version-history":[{"count":1,"href":"https:\/\/www.admiral-botel.cz\/de\/wp-json\/wp\/v2\/pages\/12230\/revisions"}],"predecessor-version":[{"id":13983,"href":"https:\/\/www.admiral-botel.cz\/de\/wp-json\/wp\/v2\/pages\/12230\/revisions\/13983"}],"wp:featuredmedia":[{"embeddable":true,"href":"https:\/\/www.admiral-botel.cz\/de\/wp-json\/wp\/v2\/media\/12157"}],"wp:attachment":[{"href":"https:\/\/www.admiral-botel.cz\/de\/wp-json\/wp\/v2\/media?parent=12230"}],"wp:term":[{"taxonomy":"post_tag","embeddable":true,"href":"https:\/\/www.admiral-botel.cz\/de\/wp-json\/wp\/v2\/tags?post=12230"}],"curies":[{"name":"wp","href":"https:\/\/api.w.org\/{rel}","templated":true}]}}