{"id":11216,"date":"2019-05-15T12:52:05","date_gmt":"2019-05-15T12:52:05","guid":{"rendered":"https:\/\/www.admiral-botel.cz\/rezervace\/"},"modified":"2021-07-28T09:40:45","modified_gmt":"2021-07-28T09:40:45","slug":"reservation","status":"publish","type":"page","link":"https:\/\/www.admiral-botel.cz\/en\/reservation\/","title":{"rendered":"Reservation"},"content":{"rendered":"<div class=\"wpb-content-wrapper\"><p>[vc_row el_class=&#8221;xbook&#8221;][vc_column][vc_column_text]\n<iframe \nstyle=\"width:100%;height:3000px;\"\nsrc=\"https:\/\/booking.admiral-botel.cz\/index.jsp?m=reservation&s=index&i=true&wp=true&arrival_date=2026-04-17&departure_date=2026-04-18&lang=en&redirect_url=https%3A%2F%2Fwww.admiral-botel.cz%2Fdekujeme\"\n><\/iframe>[\/vc_column_text][\/vc_column][\/vc_row]<\/p>\n<\/div>","protected":false},"excerpt":{"rendered":"<p>[vc_row el_class=&#8221;xbook&#8221;][vc_column][vc_column_text][\/vc_column_text][\/vc_column][\/vc_row]<\/p>\n","protected":false},"author":6,"featured_media":0,"parent":0,"menu_order":0,"comment_status":"closed","ping_status":"closed","template":"","meta":{"_acf_changed":false,"footnotes":""},"tags":[],"class_list":["post-11216","page","type-page","status-publish","hentry"],"acf":[],"yoast_head":"<!-- This site is optimized with the Yoast SEO plugin v26.3 - https:\/\/yoast.com\/wordpress\/plugins\/seo\/ -->\n<title>Reservation - Botel Admiral<\/title>\n<meta name=\"robots\" content=\"index, follow, max-snippet:-1, max-image-preview:large, max-video-preview:-1\" \/>\n<link rel=\"canonical\" href=\"https:\/\/www.admiral-botel.cz\/en\/reservation\/\" \/>\n<meta property=\"og:locale\" content=\"en_US\" \/>\n<meta property=\"og:type\" content=\"article\" \/>\n<meta property=\"og:title\" content=\"Reservation - Botel Admiral\" \/>\n<meta property=\"og:description\" content=\"[vc_row el_class=&#8221;xbook&#8221;][vc_column][vc_column_text][\/vc_column_text][\/vc_column][\/vc_row]\" \/>\n<meta property=\"og:url\" content=\"https:\/\/www.admiral-botel.cz\/en\/reservation\/\" \/>\n<meta property=\"og:site_name\" content=\"Botel Admiral\" \/>\n<meta property=\"article:modified_time\" content=\"2021-07-28T09:40:45+00:00\" \/>\n<meta name=\"twitter:card\" content=\"summary_large_image\" \/>\n<script type=\"application\/ld+json\" class=\"yoast-schema-graph\">{\"@context\":\"https:\/\/schema.org\",\"@graph\":[{\"@type\":\"WebPage\",\"@id\":\"https:\/\/www.admiral-botel.cz\/en\/reservation\/\",\"url\":\"https:\/\/www.admiral-botel.cz\/en\/reservation\/\",\"name\":\"Reservation - Botel Admiral\",\"isPartOf\":{\"@id\":\"https:\/\/www.admiral-botel.cz\/#website\"},\"datePublished\":\"2019-05-15T12:52:05+00:00\",\"dateModified\":\"2021-07-28T09:40:45+00:00\",\"breadcrumb\":{\"@id\":\"https:\/\/www.admiral-botel.cz\/en\/reservation\/#breadcrumb\"},\"inLanguage\":\"en-US\",\"potentialAction\":[{\"@type\":\"ReadAction\",\"target\":[\"https:\/\/www.admiral-botel.cz\/en\/reservation\/\"]}]},{\"@type\":\"BreadcrumbList\",\"@id\":\"https:\/\/www.admiral-botel.cz\/en\/reservation\/#breadcrumb\",\"itemListElement\":[{\"@type\":\"ListItem\",\"position\":1,\"name\":\"Home\",\"item\":\"https:\/\/www.admiral-botel.cz\/en\/\"},{\"@type\":\"ListItem\",\"position\":2,\"name\":\"Reservation\"}]},{\"@type\":\"WebSite\",\"@id\":\"https:\/\/www.admiral-botel.cz\/#website\",\"url\":\"https:\/\/www.admiral-botel.cz\/\",\"name\":\"Botel Admiral\",\"description\":\"Romantick\u00e9 a pohodln\u00e9 ubytov\u00e1n\u00ed v centru m\u011bsta mezi Vy\u0161ehradem a mostem Palack\u00e9ho, na lev\u00e9m b\u0159ehu Vltavy\",\"potentialAction\":[{\"@type\":\"SearchAction\",\"target\":{\"@type\":\"EntryPoint\",\"urlTemplate\":\"https:\/\/www.admiral-botel.cz\/?s={search_term_string}\"},\"query-input\":{\"@type\":\"PropertyValueSpecification\",\"valueRequired\":true,\"valueName\":\"search_term_string\"}}],\"inLanguage\":\"en-US\"}]}<\/script>\n<!-- \/ Yoast SEO plugin. -->","yoast_head_json":{"title":"Reservation - Botel Admiral","robots":{"index":"index","follow":"follow","max-snippet":"max-snippet:-1","max-image-preview":"max-image-preview:large","max-video-preview":"max-video-preview:-1"},"canonical":"https:\/\/www.admiral-botel.cz\/en\/reservation\/","og_locale":"en_US","og_type":"article","og_title":"Reservation - Botel Admiral","og_description":"[vc_row el_class=&#8221;xbook&#8221;][vc_column][vc_column_text][\/vc_column_text][\/vc_column][\/vc_row]","og_url":"https:\/\/www.admiral-botel.cz\/en\/reservation\/","og_site_name":"Botel Admiral","article_modified_time":"2021-07-28T09:40:45+00:00","twitter_card":"summary_large_image","schema":{"@context":"https:\/\/schema.org","@graph":[{"@type":"WebPage","@id":"https:\/\/www.admiral-botel.cz\/en\/reservation\/","url":"https:\/\/www.admiral-botel.cz\/en\/reservation\/","name":"Reservation - Botel Admiral","isPartOf":{"@id":"https:\/\/www.admiral-botel.cz\/#website"},"datePublished":"2019-05-15T12:52:05+00:00","dateModified":"2021-07-28T09:40:45+00:00","breadcrumb":{"@id":"https:\/\/www.admiral-botel.cz\/en\/reservation\/#breadcrumb"},"inLanguage":"en-US","potentialAction":[{"@type":"ReadAction","target":["https:\/\/www.admiral-botel.cz\/en\/reservation\/"]}]},{"@type":"BreadcrumbList","@id":"https:\/\/www.admiral-botel.cz\/en\/reservation\/#breadcrumb","itemListElement":[{"@type":"ListItem","position":1,"name":"Home","item":"https:\/\/www.admiral-botel.cz\/en\/"},{"@type":"ListItem","position":2,"name":"Reservation"}]},{"@type":"WebSite","@id":"https:\/\/www.admiral-botel.cz\/#website","url":"https:\/\/www.admiral-botel.cz\/","name":"Botel Admiral","description":"Romantick\u00e9 a pohodln\u00e9 ubytov\u00e1n\u00ed v centru m\u011bsta mezi Vy\u0161ehradem a mostem Palack\u00e9ho, na lev\u00e9m b\u0159ehu Vltavy","potentialAction":[{"@type":"SearchAction","target":{"@type":"EntryPoint","urlTemplate":"https:\/\/www.admiral-botel.cz\/?s={search_term_string}"},"query-input":{"@type":"PropertyValueSpecification","valueRequired":true,"valueName":"search_term_string"}}],"inLanguage":"en-US"}]}},"publishpress_future_action":{"enabled":false,"date":"2026-04-23 00:46:45","action":"change-status","newStatus":"draft","terms":[],"taxonomy":"post_tag","extraData":[]},"publishpress_future_workflow_manual_trigger":{"enabledWorkflows":[]},"_links":{"self":[{"href":"https:\/\/www.admiral-botel.cz\/en\/wp-json\/wp\/v2\/pages\/11216","targetHints":{"allow":["GET"]}}],"collection":[{"href":"https:\/\/www.admiral-botel.cz\/en\/wp-json\/wp\/v2\/pages"}],"about":[{"href":"https:\/\/www.admiral-botel.cz\/en\/wp-json\/wp\/v2\/types\/page"}],"author":[{"embeddable":true,"href":"https:\/\/www.admiral-botel.cz\/en\/wp-json\/wp\/v2\/users\/6"}],"replies":[{"embeddable":true,"href":"https:\/\/www.admiral-botel.cz\/en\/wp-json\/wp\/v2\/comments?post=11216"}],"version-history":[{"count":0,"href":"https:\/\/www.admiral-botel.cz\/en\/wp-json\/wp\/v2\/pages\/11216\/revisions"}],"wp:attachment":[{"href":"https:\/\/www.admiral-botel.cz\/en\/wp-json\/wp\/v2\/media?parent=11216"}],"wp:term":[{"taxonomy":"post_tag","embeddable":true,"href":"https:\/\/www.admiral-botel.cz\/en\/wp-json\/wp\/v2\/tags?post=11216"}],"curies":[{"name":"wp","href":"https:\/\/api.w.org\/{rel}","templated":true}]}}