{"id":11109,"date":"2021-04-19T14:01:49","date_gmt":"2021-04-19T14:01:49","guid":{"rendered":"https:\/\/www.admiral-botel.cz\/pokoj-standard\/"},"modified":"2025-05-23T10:33:18","modified_gmt":"2025-05-23T10:33:18","slug":"%d1%81%d1%82%d0%b0%d0%bd%d0%b4%d0%b0%d1%80%d1%82%d0%bd%d1%8b%d0%b9-%d0%bd%d0%be%d0%bc%d0%b5%d1%80","status":"publish","type":"page","link":"https:\/\/www.admiral-botel.cz\/ru\/%d1%81%d1%82%d0%b0%d0%bd%d0%b4%d0%b0%d1%80%d1%82%d0%bd%d1%8b%d0%b9-%d0%bd%d0%be%d0%bc%d0%b5%d1%80\/","title":{"rendered":"\u0421\u0422\u0410\u041d\u0414\u0410\u0420\u0422\u041d\u042b\u0419 \u041d\u041e\u041c\u0415\u0420"},"content":{"rendered":"<div class=\"wpb-content-wrapper\"><p>[vc_row full_width=&#187;stretch_row&#187; content_placement=&#187;middle&#187; el_class=&#187;featured&#187;][vc_column][vc_column_text]<\/p>\n<h1>\u0421\u0422\u0410\u041d\u0414\u0410\u0420\u0422\u041d\u042b\u0419 \u041d\u041e\u041c\u0415\u0420<\/h1>\n<p>[\/vc_column_text][\/vc_column][\/vc_row][vc_row][vc_column][vc_row_inner equal_height=&#187;yes&#187; content_placement=&#187;middle&#187;][vc_column_inner width=&#187;1\/2&#8243;][vc_single_image image=&#187;10427&#8243; img_size=&#187;large&#187;][\/vc_column_inner][vc_column_inner width=&#187;1\/2&#8243;][vc_column_text css=&#187;.vc_custom_1747996396188{padding-right: 10px !important;padding-left: 10px !important;}&#187;]<span style=\"font-weight: 400;\">\u041d\u0430\u0448\u0438 \u0441\u0442\u0430\u043d\u0434\u0430\u0440\u0442\u043d\u044b\u0435 \u043d\u043e\u043c\u0435\u0440\u0430 \u0434\u0432\u0443\u0445\u043c\u0435\u0441\u0442\u043d\u044b\u0435, \u043a\u0440\u043e\u0432\u0430\u0442\u0438 \u043c\u043e\u0436\u043d\u043e \u0440\u0430\u0437\u0434\u0435\u043b\u0438\u0442\u044c. \u0412\u0430\u043d\u043d\u044b\u0435 \u043a\u043e\u043c\u043d\u0430\u0442\u044b \u0441 \u0434\u0443\u0448\u0435\u043c \u0438 \u0442\u0443\u0430\u043b\u0435\u0442\u043e\u043c, \u0442\u0435\u043b\u0435\u0444\u043e\u043d, \u0441\u043f\u0443\u0442\u043d\u0438\u043a\u043e\u0432\u043e\u0435 \u0442\u0435\u043b\u0435\u0432\u0438\u0434\u0435\u043d\u0438\u0435 \u0438 WIFI.\u00a0<\/span><\/p>\n<p><span style=\"font-weight: 400;\">\u0412 \u0441\u0442\u043e\u0438\u043c\u043e\u0441\u0442\u044c \u0432\u0445\u043e\u0434\u0438\u0442 \u0437\u0430\u0432\u0442\u0440\u0430\u043a \u00ab\u0448\u0432\u0435\u0434\u0441\u043a\u0438\u0439 \u0441\u0442\u043e\u043b\u00bb.<\/span>[\/vc_column_text][vc_empty_space][vc_btn title=&#187;\u0417\u0430\u0431\u0440\u043e\u043d\u0438\u0440\u043e\u0432\u0430\u0442\u044c \u043d\u043e\u043c\u0435\u0440&#187; color=&#187;default&#187; align=&#187;center&#187; link=&#187;url:%2Frezervace%2F%3FroomType%3D669602|||&#187;][\/vc_column_inner][\/vc_row_inner][vc_empty_space][\/vc_column][\/vc_row][vc_row][vc_column][vc_empty_space][vc_column_text]<\/p>\n<style type=\"text\/css\">\n#foogallery-gallery-10511 .fg-image { width: 150px; }\n#foogallery-gallery-10511 { --fg-gutter: 10px; }<\/style>\n\t\t\t<style type=\"text\/css\">\n#foogallery-gallery-10511_1 .fg-image { width: 150px; }\n#foogallery-gallery-10511_1 { --fg-gutter: 10px; }<\/style>\n\t\t\t<div class=\"foogallery foogallery-container foogallery-default foogallery-lightbox-foobox fg-center fg-default fg-ready fg-light fg-border-thin fg-shadow-outline fg-loading-default fg-loaded-fade-in fg-caption-hover fg-hover-fade fg-hover-zoom\" id=\"foogallery-gallery-10511_1\" data-foogallery=\"{&quot;item&quot;:{&quot;showCaptionTitle&quot;:true,&quot;showCaptionDescription&quot;:true},&quot;lazy&quot;:true}\" >\n\t<div class=\"fg-item fg-type-image fg-idle\"><figure class=\"fg-item-inner\"><a href=\"https:\/\/www.admiral-botel.cz\/wp-content\/uploads\/2021\/04\/2048-1365-max-1-2.jpg\" data-attachment-id=\"10258\" data-type=\"image\" class=\"fg-thumb\"><span class=\"fg-image-wrap\"><img decoding=\"async\" width=\"150\" height=\"150\" class=\"skip-lazy fg-image\" data-src-fg=\"https:\/\/www.admiral-botel.cz\/wp-content\/uploads\/cache\/2021\/04\/2048-1365-max-1-2\/4270833528.jpg\" src=\"data:image\/svg+xml,%3Csvg%20xmlns%3D%22http%3A%2F%2Fwww.w3.org%2F2000%2Fsvg%22%20width%3D%22150%22%20height%3D%22150%22%20viewBox%3D%220%200%20150%20150%22%3E%3C%2Fsvg%3E\" loading=\"eager\"><\/span><span class=\"fg-image-overlay\"><\/span><\/a><\/figure><div class=\"fg-loader\"><\/div><\/div><div class=\"fg-item fg-type-image fg-idle\"><figure class=\"fg-item-inner\"><a href=\"https:\/\/www.admiral-botel.cz\/wp-content\/uploads\/2021\/04\/2048-1365-max-5.jpg\" data-attachment-id=\"10264\" data-type=\"image\" class=\"fg-thumb\"><span class=\"fg-image-wrap\"><img decoding=\"async\" width=\"150\" height=\"150\" class=\"skip-lazy fg-image\" data-src-fg=\"https:\/\/www.admiral-botel.cz\/wp-content\/uploads\/cache\/2021\/04\/2048-1365-max-5\/610295080.jpg\" src=\"data:image\/svg+xml,%3Csvg%20xmlns%3D%22http%3A%2F%2Fwww.w3.org%2F2000%2Fsvg%22%20width%3D%22150%22%20height%3D%22150%22%20viewBox%3D%220%200%20150%20150%22%3E%3C%2Fsvg%3E\" loading=\"eager\"><\/span><span class=\"fg-image-overlay\"><\/span><\/a><\/figure><div class=\"fg-loader\"><\/div><\/div><div class=\"fg-item fg-type-image fg-idle\"><figure class=\"fg-item-inner\"><a href=\"https:\/\/www.admiral-botel.cz\/wp-content\/uploads\/2021\/05\/standard.jpg\" data-attachment-id=\"10559\" data-type=\"image\" class=\"fg-thumb\"><span class=\"fg-image-wrap\"><img decoding=\"async\" width=\"150\" height=\"150\" class=\"skip-lazy fg-image\" data-src-fg=\"https:\/\/www.admiral-botel.cz\/wp-content\/uploads\/cache\/2021\/05\/standard\/997172191.jpg\" src=\"data:image\/svg+xml,%3Csvg%20xmlns%3D%22http%3A%2F%2Fwww.w3.org%2F2000%2Fsvg%22%20width%3D%22150%22%20height%3D%22150%22%20viewBox%3D%220%200%20150%20150%22%3E%3C%2Fsvg%3E\" loading=\"eager\"><\/span><span class=\"fg-image-overlay\"><\/span><\/a><\/figure><div class=\"fg-loader\"><\/div><\/div><div class=\"fg-item fg-type-image fg-idle\"><figure class=\"fg-item-inner\"><a href=\"https:\/\/www.admiral-botel.cz\/wp-content\/uploads\/2021\/05\/gallery_apartment_5.jpg\" data-attachment-id=\"10565\" data-type=\"image\" class=\"fg-thumb\"><span class=\"fg-image-wrap\"><img decoding=\"async\" width=\"150\" height=\"150\" class=\"skip-lazy fg-image\" data-src-fg=\"https:\/\/www.admiral-botel.cz\/wp-content\/uploads\/cache\/2021\/05\/gallery_apartment_5\/107032417.jpg\" src=\"data:image\/svg+xml,%3Csvg%20xmlns%3D%22http%3A%2F%2Fwww.w3.org%2F2000%2Fsvg%22%20width%3D%22150%22%20height%3D%22150%22%20viewBox%3D%220%200%20150%20150%22%3E%3C%2Fsvg%3E\" loading=\"eager\"><\/span><span class=\"fg-image-overlay\"><\/span><\/a><\/figure><div class=\"fg-loader\"><\/div><\/div><\/div>\n\n<p>[\/vc_column_text][vc_empty_space][\/vc_column][\/vc_row][vc_row full_width=&#187;stretch_row&#187; el_class=&#187;brown&#187;][vc_column][vc_column_text]<\/p>\n<h2 style=\"text-align: center;\">\u0412\u044b \u0445\u043e\u0442\u0438\u0442\u0435 \u0434\u0440\u0443\u0433\u043e\u0439 \u0442\u0438\u043f \u043a\u043e\u043c\u043d\u0430\u0442\u044b?<\/h2>\n<p>[\/vc_column_text][vc_column_text]<div class=\"toppackages\"><div class=\"toppackage xzoom\" ><a href=\"https:\/\/www.admiral-botel.cz\/ru\/%d0%bd%d0%be%d0%bc%d0%b5%d1%80-%d0%bb%d1%8e%d0%ba%d1%81\/\">\n<img decoding=\"async\" class=\"inimg\" src=\"https:\/\/www.admiral-botel.cz\/wp-content\/uploads\/2021\/05\/pokoj-lux-2048-1475-max-1024x683.jpg\" \/>\n<div class=\"intoppackage\" ><h3>\u041d\u041e\u041c\u0415\u0420 \u041b\u042e\u041a\u0421<\/h3><p>\u041a\u043e\u043c\u0444\u043e\u0440\u0442\u0430\u0431\u0435\u043b\u044c\u043d\u044b\u0439 \u043d\u043e\u043c\u0435\u0440 \u00ab\u041b\u044e\u043a\u0441\u00bb \u043e\u0442\u043b\u0438\u0447\u043d\u043e \u043f\u043e\u0434\u043e\u0439\u0434\u0435\u0442 \u0434\u043b\u044f \u0440\u043e\u043c\u0430\u043d\u0442\u0438\u0447\u0435\u0441\u043a\u043e\u0433\u043e \u043e\u0442\u0434\u044b\u0445\u0430 \u0432\u0434\u0432\u043e\u0435\u043c.<\/p><div class=\"pprice\">\u0421 \u0441\u0430\u0439\u0442\u0430 2999,-<\/div><span  class=\"splink\">\u041f\u043e\u0434\u0440\u043e\u0431\u043d\u0435\u0435 \u043e \u043a\u043e\u043c\u043d\u0430\u0442\u0435 >><\/span><\/div><\/a><\/div><div class=\"toppackage xzoom\" ><a href=\"https:\/\/www.admiral-botel.cz\/ru\/%d0%bd%d0%be%d0%bc%d0%b5%d1%80-%d0%b4%d0%b5%d0%bb%d1%8e%d0%ba%d1%81\/\">\n<img decoding=\"async\" class=\"inimg\" src=\"https:\/\/www.admiral-botel.cz\/wp-content\/uploads\/2021\/04\/2048-1365-max-4-1024x683.jpg\" \/>\n<div class=\"intoppackage\" ><h3>\u041d\u041e\u041c\u0415\u0420 \u0414\u0415\u041b\u042e\u041a\u0421<\/h3><p>\u0414\u043b\u044f \u0442\u0435\u0445, \u043a\u0442\u043e \u043b\u044e\u0431\u0438\u0442 \u0431\u043e\u043b\u044c\u0448\u0435 \u043c\u0435\u0441\u0442\u0430, \u0447\u0435\u043c \u043e\u0431\u044b\u0447\u043d\u044b\u0439 \u043d\u043e\u043c\u0435\u0440, \u0443 \u043d\u0430\u0441 \u0435\u0441\u0442\u044c \u043d\u043e\u043c\u0435\u0440\u0430 \u0414\u0415\u041b\u042e\u041a\u0421. <\/p><div class=\"pprice\">\u0421 \u0441\u0430\u0439\u0442\u0430 2999,-<\/div><span  class=\"splink\">\u041f\u043e\u0434\u0440\u043e\u0431\u043d\u0435\u0435 \u043e \u043a\u043e\u043c\u043d\u0430\u0442\u0435 >><\/span><\/div><\/a><\/div><div class=\"toppackage xzoom\" ><a href=\"https:\/\/www.admiral-botel.cz\/ru\/%d0%bd%d0%be%d0%bc%d0%b5%d1%80-vip-%d0%bb%d1%8e%d0%ba%d1%81\/\">\n<img decoding=\"async\" class=\"inimg\" src=\"https:\/\/www.admiral-botel.cz\/wp-content\/uploads\/2021\/04\/i-Lb2t7tC-X3-1024x683.jpg\" \/>\n<div class=\"intoppackage\" ><h3>\u041d\u041e\u041c\u0415\u0420 VIP \u041b\u042e\u041a\u0421<\/h3><p>\u041c\u044b \u043c\u043e\u0436\u0435\u043c \u043f\u0440\u0435\u0434\u043b\u043e\u0436\u0438\u0442\u044c \u0432\u0430\u043c \u043a\u043e\u043c\u0444\u043e\u0440\u0442, \u043a\u043e\u0442\u043e\u0440\u044b\u0439 \u0432\u044b \u0438\u0449\u0435\u0442\u0435 \u0432 \u043d\u0430\u0448\u0435\u043c VIP \u041b\u042e\u041a\u0421 ****.<\/p><div class=\"pprice\">\u0421 \u0441\u0430\u0439\u0442\u0430 2999,-<\/div><span  class=\"splink\">\u041f\u043e\u0434\u0440\u043e\u0431\u043d\u0435\u0435 \u043e \u043a\u043e\u043c\u043d\u0430\u0442\u0435 >><\/span><\/div><\/a><\/div><div class=\"toppackage xzoom\" ><a href=\"https:\/\/www.admiral-botel.cz\/ru\/%d0%bd%d0%be%d0%bc%d0%b5%d1%80-%d0%ba%d0%be%d0%bc%d1%84%d0%be%d1%80%d1%82\/\">\n<img decoding=\"async\" class=\"inimg\" src=\"https:\/\/www.admiral-botel.cz\/wp-content\/uploads\/2023\/07\/pokoj-2-pohled-na-postele-1024x768.jpg\" \/>\n<div class=\"intoppackage\" ><h3>\u041d\u041e\u041c\u0415\u0420 \u041a\u041e\u041c\u0424\u041e\u0420\u0422<\/h3><p>\u041d\u043e\u0432\u044b\u0439, \u0441\u043e\u0432\u0440\u0435\u043c\u0435\u043d\u043d\u043e \u043e\u0431\u043e\u0440\u0443\u0434\u043e\u0432\u0430\u043d\u043d\u044b\u0439 \u0434\u0432\u0443\u0445\u043c\u0435\u0441\u0442\u043d\u044b\u0439 \u043d\u043e\u043c\u0435\u0440.<\/p><div class=\"pprice\">\u0421 \u0441\u0430\u0439\u0442\u0430 2260,-<\/div><span  class=\"splink\">\u041f\u043e\u0434\u0440\u043e\u0431\u043d\u0435\u0435 \u043e \u043a\u043e\u043c\u043d\u0430\u0442\u0435 >><\/span><\/div><\/a><\/div><br style=\"clear:both;;\" \/><\/div>[\/vc_column_text][\/vc_column][\/vc_row]<\/p>\n<\/div>","protected":false},"excerpt":{"rendered":"<p>\u0411\u043e\u0442\u0435\u043b\u044c Admir\u00e1l \u043f\u0440\u0435\u0434\u043b\u0430\u0433\u0430\u0435\u0442 \u043f\u0440\u0438\u0432\u043b\u0435\u043a\u0430\u0442\u0435\u043b\u044c\u043d\u043e\u0435 \u0440\u0430\u0437\u043c\u0435\u0449\u0435\u043d\u0438\u0435 \u043d\u0430 \u0431\u0435\u0440\u0435\u0433\u0443 \u0440\u0435\u043a\u0438 \u0412\u043b\u0442\u0430\u0432y \u0432 \u0446\u0435\u043d\u0442\u0440\u0435 \u041f\u0440\u0430\u0433\u0438 \u0432 84 \u043d\u043e\u043c\u0435\u0440\u0430\u0445.<\/p>\n","protected":false},"author":12,"featured_media":9689,"parent":0,"menu_order":1,"comment_status":"closed","ping_status":"closed","template":"","meta":{"_acf_changed":false,"footnotes":""},"tags":[229,223,227],"class_list":["post-11109","page","type-page","status-publish","has-post-thumbnail","hentry","tag-cs-ru","tag-pokoje-ru","tag-ru"],"acf":[],"yoast_head":"<!-- This site is optimized with the Yoast SEO plugin v26.3 - https:\/\/yoast.com\/wordpress\/plugins\/seo\/ -->\n<title>\u0421\u0422\u0410\u041d\u0414\u0410\u0420\u0422\u041d\u042b\u0419 \u041d\u041e\u041c\u0415\u0420 - Botel Admiral<\/title>\n<meta name=\"robots\" content=\"index, follow, max-snippet:-1, max-image-preview:large, max-video-preview:-1\" \/>\n<link rel=\"canonical\" href=\"https:\/\/www.admiral-botel.cz\/ru\/\u0441\u0442\u0430\u043d\u0434\u0430\u0440\u0442\u043d\u044b\u0439-\u043d\u043e\u043c\u0435\u0440\/\" \/>\n<meta property=\"og:locale\" content=\"ru_RU\" \/>\n<meta property=\"og:type\" content=\"article\" \/>\n<meta property=\"og:title\" content=\"\u0421\u0422\u0410\u041d\u0414\u0410\u0420\u0422\u041d\u042b\u0419 \u041d\u041e\u041c\u0415\u0420 - Botel Admiral\" \/>\n<meta property=\"og:description\" content=\"\u0411\u043e\u0442\u0435\u043b\u044c Admir\u00e1l \u043f\u0440\u0435\u0434\u043b\u0430\u0433\u0430\u0435\u0442 \u043f\u0440\u0438\u0432\u043b\u0435\u043a\u0430\u0442\u0435\u043b\u044c\u043d\u043e\u0435 \u0440\u0430\u0437\u043c\u0435\u0449\u0435\u043d\u0438\u0435 \u043d\u0430 \u0431\u0435\u0440\u0435\u0433\u0443 \u0440\u0435\u043a\u0438 \u0412\u043b\u0442\u0430\u0432y \u0432 \u0446\u0435\u043d\u0442\u0440\u0435 \u041f\u0440\u0430\u0433\u0438 \u0432 84 \u043d\u043e\u043c\u0435\u0440\u0430\u0445.\" \/>\n<meta property=\"og:url\" content=\"https:\/\/www.admiral-botel.cz\/ru\/\u0441\u0442\u0430\u043d\u0434\u0430\u0440\u0442\u043d\u044b\u0439-\u043d\u043e\u043c\u0435\u0440\/\" \/>\n<meta property=\"og:site_name\" content=\"Botel Admiral\" \/>\n<meta property=\"article:modified_time\" content=\"2025-05-23T10:33:18+00:00\" \/>\n<meta property=\"og:image\" content=\"https:\/\/www.admiral-botel.cz\/wp-content\/uploads\/2021\/04\/botel-admiral_standard.jpg\" \/>\n\t<meta property=\"og:image:width\" content=\"1920\" \/>\n\t<meta property=\"og:image:height\" content=\"1280\" \/>\n\t<meta property=\"og:image:type\" content=\"image\/jpeg\" \/>\n<meta name=\"twitter:card\" content=\"summary_large_image\" \/>\n<meta name=\"twitter:label1\" content=\"\u041f\u0440\u0438\u043c\u0435\u0440\u043d\u043e\u0435 \u0432\u0440\u0435\u043c\u044f \u0434\u043b\u044f \u0447\u0442\u0435\u043d\u0438\u044f\" \/>\n\t<meta name=\"twitter:data1\" content=\"1 \u043c\u0438\u043d\u0443\u0442\u0430\" \/>\n<script type=\"application\/ld+json\" class=\"yoast-schema-graph\">{\"@context\":\"https:\/\/schema.org\",\"@graph\":[{\"@type\":\"WebPage\",\"@id\":\"https:\/\/www.admiral-botel.cz\/ru\/%d1%81%d1%82%d0%b0%d0%bd%d0%b4%d0%b0%d1%80%d1%82%d0%bd%d1%8b%d0%b9-%d0%bd%d0%be%d0%bc%d0%b5%d1%80\/\",\"url\":\"https:\/\/www.admiral-botel.cz\/ru\/%d1%81%d1%82%d0%b0%d0%bd%d0%b4%d0%b0%d1%80%d1%82%d0%bd%d1%8b%d0%b9-%d0%bd%d0%be%d0%bc%d0%b5%d1%80\/\",\"name\":\"\u0421\u0422\u0410\u041d\u0414\u0410\u0420\u0422\u041d\u042b\u0419 \u041d\u041e\u041c\u0415\u0420 - Botel Admiral\",\"isPartOf\":{\"@id\":\"https:\/\/www.admiral-botel.cz\/#website\"},\"primaryImageOfPage\":{\"@id\":\"https:\/\/www.admiral-botel.cz\/ru\/%d1%81%d1%82%d0%b0%d0%bd%d0%b4%d0%b0%d1%80%d1%82%d0%bd%d1%8b%d0%b9-%d0%bd%d0%be%d0%bc%d0%b5%d1%80\/#primaryimage\"},\"image\":{\"@id\":\"https:\/\/www.admiral-botel.cz\/ru\/%d1%81%d1%82%d0%b0%d0%bd%d0%b4%d0%b0%d1%80%d1%82%d0%bd%d1%8b%d0%b9-%d0%bd%d0%be%d0%bc%d0%b5%d1%80\/#primaryimage\"},\"thumbnailUrl\":\"https:\/\/www.admiral-botel.cz\/wp-content\/uploads\/2021\/04\/botel-admiral_standard.jpg\",\"datePublished\":\"2021-04-19T14:01:49+00:00\",\"dateModified\":\"2025-05-23T10:33:18+00:00\",\"breadcrumb\":{\"@id\":\"https:\/\/www.admiral-botel.cz\/ru\/%d1%81%d1%82%d0%b0%d0%bd%d0%b4%d0%b0%d1%80%d1%82%d0%bd%d1%8b%d0%b9-%d0%bd%d0%be%d0%bc%d0%b5%d1%80\/#breadcrumb\"},\"inLanguage\":\"ru-RU\",\"potentialAction\":[{\"@type\":\"ReadAction\",\"target\":[\"https:\/\/www.admiral-botel.cz\/ru\/%d1%81%d1%82%d0%b0%d0%bd%d0%b4%d0%b0%d1%80%d1%82%d0%bd%d1%8b%d0%b9-%d0%bd%d0%be%d0%bc%d0%b5%d1%80\/\"]}]},{\"@type\":\"ImageObject\",\"inLanguage\":\"ru-RU\",\"@id\":\"https:\/\/www.admiral-botel.cz\/ru\/%d1%81%d1%82%d0%b0%d0%bd%d0%b4%d0%b0%d1%80%d1%82%d0%bd%d1%8b%d0%b9-%d0%bd%d0%be%d0%bc%d0%b5%d1%80\/#primaryimage\",\"url\":\"https:\/\/www.admiral-botel.cz\/wp-content\/uploads\/2021\/04\/botel-admiral_standard.jpg\",\"contentUrl\":\"https:\/\/www.admiral-botel.cz\/wp-content\/uploads\/2021\/04\/botel-admiral_standard.jpg\",\"width\":1920,\"height\":1280},{\"@type\":\"BreadcrumbList\",\"@id\":\"https:\/\/www.admiral-botel.cz\/ru\/%d1%81%d1%82%d0%b0%d0%bd%d0%b4%d0%b0%d1%80%d1%82%d0%bd%d1%8b%d0%b9-%d0%bd%d0%be%d0%bc%d0%b5%d1%80\/#breadcrumb\",\"itemListElement\":[{\"@type\":\"ListItem\",\"position\":1,\"name\":\"Home\",\"item\":\"https:\/\/www.admiral-botel.cz\/ru\/\"},{\"@type\":\"ListItem\",\"position\":2,\"name\":\"\u0421\u0422\u0410\u041d\u0414\u0410\u0420\u0422\u041d\u042b\u0419 \u041d\u041e\u041c\u0415\u0420\"}]},{\"@type\":\"WebSite\",\"@id\":\"https:\/\/www.admiral-botel.cz\/#website\",\"url\":\"https:\/\/www.admiral-botel.cz\/\",\"name\":\"Botel Admiral\",\"description\":\"Romantick\u00e9 a pohodln\u00e9 ubytov\u00e1n\u00ed v centru m\u011bsta mezi Vy\u0161ehradem a mostem Palack\u00e9ho, na lev\u00e9m b\u0159ehu Vltavy\",\"potentialAction\":[{\"@type\":\"SearchAction\",\"target\":{\"@type\":\"EntryPoint\",\"urlTemplate\":\"https:\/\/www.admiral-botel.cz\/?s={search_term_string}\"},\"query-input\":{\"@type\":\"PropertyValueSpecification\",\"valueRequired\":true,\"valueName\":\"search_term_string\"}}],\"inLanguage\":\"ru-RU\"}]}<\/script>\n<!-- \/ Yoast SEO plugin. -->","yoast_head_json":{"title":"\u0421\u0422\u0410\u041d\u0414\u0410\u0420\u0422\u041d\u042b\u0419 \u041d\u041e\u041c\u0415\u0420 - Botel Admiral","robots":{"index":"index","follow":"follow","max-snippet":"max-snippet:-1","max-image-preview":"max-image-preview:large","max-video-preview":"max-video-preview:-1"},"canonical":"https:\/\/www.admiral-botel.cz\/ru\/\u0441\u0442\u0430\u043d\u0434\u0430\u0440\u0442\u043d\u044b\u0439-\u043d\u043e\u043c\u0435\u0440\/","og_locale":"ru_RU","og_type":"article","og_title":"\u0421\u0422\u0410\u041d\u0414\u0410\u0420\u0422\u041d\u042b\u0419 \u041d\u041e\u041c\u0415\u0420 - Botel Admiral","og_description":"\u0411\u043e\u0442\u0435\u043b\u044c Admir\u00e1l \u043f\u0440\u0435\u0434\u043b\u0430\u0433\u0430\u0435\u0442 \u043f\u0440\u0438\u0432\u043b\u0435\u043a\u0430\u0442\u0435\u043b\u044c\u043d\u043e\u0435 \u0440\u0430\u0437\u043c\u0435\u0449\u0435\u043d\u0438\u0435 \u043d\u0430 \u0431\u0435\u0440\u0435\u0433\u0443 \u0440\u0435\u043a\u0438 \u0412\u043b\u0442\u0430\u0432y \u0432 \u0446\u0435\u043d\u0442\u0440\u0435 \u041f\u0440\u0430\u0433\u0438 \u0432 84 \u043d\u043e\u043c\u0435\u0440\u0430\u0445.","og_url":"https:\/\/www.admiral-botel.cz\/ru\/\u0441\u0442\u0430\u043d\u0434\u0430\u0440\u0442\u043d\u044b\u0439-\u043d\u043e\u043c\u0435\u0440\/","og_site_name":"Botel Admiral","article_modified_time":"2025-05-23T10:33:18+00:00","og_image":[{"width":1920,"height":1280,"url":"https:\/\/www.admiral-botel.cz\/wp-content\/uploads\/2021\/04\/botel-admiral_standard.jpg","type":"image\/jpeg"}],"twitter_card":"summary_large_image","twitter_misc":{"\u041f\u0440\u0438\u043c\u0435\u0440\u043d\u043e\u0435 \u0432\u0440\u0435\u043c\u044f \u0434\u043b\u044f \u0447\u0442\u0435\u043d\u0438\u044f":"1 \u043c\u0438\u043d\u0443\u0442\u0430"},"schema":{"@context":"https:\/\/schema.org","@graph":[{"@type":"WebPage","@id":"https:\/\/www.admiral-botel.cz\/ru\/%d1%81%d1%82%d0%b0%d0%bd%d0%b4%d0%b0%d1%80%d1%82%d0%bd%d1%8b%d0%b9-%d0%bd%d0%be%d0%bc%d0%b5%d1%80\/","url":"https:\/\/www.admiral-botel.cz\/ru\/%d1%81%d1%82%d0%b0%d0%bd%d0%b4%d0%b0%d1%80%d1%82%d0%bd%d1%8b%d0%b9-%d0%bd%d0%be%d0%bc%d0%b5%d1%80\/","name":"\u0421\u0422\u0410\u041d\u0414\u0410\u0420\u0422\u041d\u042b\u0419 \u041d\u041e\u041c\u0415\u0420 - Botel Admiral","isPartOf":{"@id":"https:\/\/www.admiral-botel.cz\/#website"},"primaryImageOfPage":{"@id":"https:\/\/www.admiral-botel.cz\/ru\/%d1%81%d1%82%d0%b0%d0%bd%d0%b4%d0%b0%d1%80%d1%82%d0%bd%d1%8b%d0%b9-%d0%bd%d0%be%d0%bc%d0%b5%d1%80\/#primaryimage"},"image":{"@id":"https:\/\/www.admiral-botel.cz\/ru\/%d1%81%d1%82%d0%b0%d0%bd%d0%b4%d0%b0%d1%80%d1%82%d0%bd%d1%8b%d0%b9-%d0%bd%d0%be%d0%bc%d0%b5%d1%80\/#primaryimage"},"thumbnailUrl":"https:\/\/www.admiral-botel.cz\/wp-content\/uploads\/2021\/04\/botel-admiral_standard.jpg","datePublished":"2021-04-19T14:01:49+00:00","dateModified":"2025-05-23T10:33:18+00:00","breadcrumb":{"@id":"https:\/\/www.admiral-botel.cz\/ru\/%d1%81%d1%82%d0%b0%d0%bd%d0%b4%d0%b0%d1%80%d1%82%d0%bd%d1%8b%d0%b9-%d0%bd%d0%be%d0%bc%d0%b5%d1%80\/#breadcrumb"},"inLanguage":"ru-RU","potentialAction":[{"@type":"ReadAction","target":["https:\/\/www.admiral-botel.cz\/ru\/%d1%81%d1%82%d0%b0%d0%bd%d0%b4%d0%b0%d1%80%d1%82%d0%bd%d1%8b%d0%b9-%d0%bd%d0%be%d0%bc%d0%b5%d1%80\/"]}]},{"@type":"ImageObject","inLanguage":"ru-RU","@id":"https:\/\/www.admiral-botel.cz\/ru\/%d1%81%d1%82%d0%b0%d0%bd%d0%b4%d0%b0%d1%80%d1%82%d0%bd%d1%8b%d0%b9-%d0%bd%d0%be%d0%bc%d0%b5%d1%80\/#primaryimage","url":"https:\/\/www.admiral-botel.cz\/wp-content\/uploads\/2021\/04\/botel-admiral_standard.jpg","contentUrl":"https:\/\/www.admiral-botel.cz\/wp-content\/uploads\/2021\/04\/botel-admiral_standard.jpg","width":1920,"height":1280},{"@type":"BreadcrumbList","@id":"https:\/\/www.admiral-botel.cz\/ru\/%d1%81%d1%82%d0%b0%d0%bd%d0%b4%d0%b0%d1%80%d1%82%d0%bd%d1%8b%d0%b9-%d0%bd%d0%be%d0%bc%d0%b5%d1%80\/#breadcrumb","itemListElement":[{"@type":"ListItem","position":1,"name":"Home","item":"https:\/\/www.admiral-botel.cz\/ru\/"},{"@type":"ListItem","position":2,"name":"\u0421\u0422\u0410\u041d\u0414\u0410\u0420\u0422\u041d\u042b\u0419 \u041d\u041e\u041c\u0415\u0420"}]},{"@type":"WebSite","@id":"https:\/\/www.admiral-botel.cz\/#website","url":"https:\/\/www.admiral-botel.cz\/","name":"Botel Admiral","description":"Romantick\u00e9 a pohodln\u00e9 ubytov\u00e1n\u00ed v centru m\u011bsta mezi Vy\u0161ehradem a mostem Palack\u00e9ho, na lev\u00e9m b\u0159ehu Vltavy","potentialAction":[{"@type":"SearchAction","target":{"@type":"EntryPoint","urlTemplate":"https:\/\/www.admiral-botel.cz\/?s={search_term_string}"},"query-input":{"@type":"PropertyValueSpecification","valueRequired":true,"valueName":"search_term_string"}}],"inLanguage":"ru-RU"}]}},"publishpress_future_action":{"enabled":false,"date":"2026-05-09 09:52:03","action":"change-status","newStatus":"draft","terms":[],"taxonomy":"post_tag","extraData":[]},"publishpress_future_workflow_manual_trigger":{"enabledWorkflows":[]},"_links":{"self":[{"href":"https:\/\/www.admiral-botel.cz\/ru\/wp-json\/wp\/v2\/pages\/11109","targetHints":{"allow":["GET"]}}],"collection":[{"href":"https:\/\/www.admiral-botel.cz\/ru\/wp-json\/wp\/v2\/pages"}],"about":[{"href":"https:\/\/www.admiral-botel.cz\/ru\/wp-json\/wp\/v2\/types\/page"}],"author":[{"embeddable":true,"href":"https:\/\/www.admiral-botel.cz\/ru\/wp-json\/wp\/v2\/users\/12"}],"replies":[{"embeddable":true,"href":"https:\/\/www.admiral-botel.cz\/ru\/wp-json\/wp\/v2\/comments?post=11109"}],"version-history":[{"count":1,"href":"https:\/\/www.admiral-botel.cz\/ru\/wp-json\/wp\/v2\/pages\/11109\/revisions"}],"predecessor-version":[{"id":13979,"href":"https:\/\/www.admiral-botel.cz\/ru\/wp-json\/wp\/v2\/pages\/11109\/revisions\/13979"}],"wp:featuredmedia":[{"embeddable":true,"href":"https:\/\/www.admiral-botel.cz\/ru\/wp-json\/wp\/v2\/media\/9689"}],"wp:attachment":[{"href":"https:\/\/www.admiral-botel.cz\/ru\/wp-json\/wp\/v2\/media?parent=11109"}],"wp:term":[{"taxonomy":"post_tag","embeddable":true,"href":"https:\/\/www.admiral-botel.cz\/ru\/wp-json\/wp\/v2\/tags?post=11109"}],"curies":[{"name":"wp","href":"https:\/\/api.w.org\/{rel}","templated":true}]}}