{"id":11222,"date":"2021-04-16T06:47:36","date_gmt":"2021-04-16T06:47:36","guid":{"rendered":"https:\/\/www.admiral-botel.cz\/cenik\/"},"modified":"2021-06-10T10:42:26","modified_gmt":"2021-06-10T10:42:26","slug":"%d0%bf%d1%80%d0%b5%d0%b9%d1%81%d0%ba%d1%83%d1%80%d0%b0%d0%bd%d1%82","status":"publish","type":"page","link":"https:\/\/www.admiral-botel.cz\/ru\/%d0%bf%d1%80%d0%b5%d0%b9%d1%81%d0%ba%d1%83%d1%80%d0%b0%d0%bd%d1%82\/","title":{"rendered":"\u041f\u0440\u0435\u0439\u0441\u043a\u0443\u0440\u0430\u043d\u0442"},"content":{"rendered":"<div class=\"wpb-content-wrapper\"><p>[vc_row][vc_column][vc_raw_html]JTNDaWZyYW1lJTIwc3JjJTNEJTIyaHR0cHMlM0ElMkYlMkZib29raW5nLmFkbWlyYWwtYm90ZWwuY3olMkZpbmRleC5qc3AlM0ZtJTNEcHJpY2UlMjZzJTNEaW5kZXglMjZ0JTNEcHJpY2UlMjZpJTNEdHJ1ZSUyNmxhbmclM0RydSUyMiUyMHN0eWxlJTNEJTIyYm9yZGVyJTNBJTIwbm9uZSUzQiUyMiUyMHdpZHRoJTNEJTIyMTAwJTI1JTIyJTIwaGVpZ2h0JTNEJTIyNjAwcHglMjIlM0UlM0MlMkZpZnJhbWUlM0U=[\/vc_raw_html][\/vc_column][\/vc_row]<\/p>\n<\/div>","protected":false},"excerpt":{"rendered":"<p>[vc_row][vc_column][vc_raw_html]JTNDaWZyYW1lJTIwc3JjJTNEJTIyaHR0cHMlM0ElMkYlMkZib29raW5nLmFkbWlyYWwtYm90ZWwuY3olMkZpbmRleC5qc3AlM0ZtJTNEcHJpY2UlMjZzJTNEaW5kZXglMjZ0JTNEcHJpY2UlMjZpJTNEdHJ1ZSUyNmxhbmclM0RydSUyMiUyMHN0eWxlJTNEJTIyYm9yZGVyJTNBJTIwbm9uZSUzQiUyMiUyMHdpZHRoJTNEJTIyMTAwJTI1JTIyJTIwaGVpZ2h0JTNEJTIyNjAwcHglMjIlM0UlM0MlMkZpZnJhbWUlM0U=[\/vc_raw_html][\/vc_column][\/vc_row]<\/p>\n","protected":false},"author":12,"featured_media":0,"parent":0,"menu_order":0,"comment_status":"closed","ping_status":"closed","template":"","meta":{"_acf_changed":false,"footnotes":""},"tags":[],"class_list":["post-11222","page","type-page","status-publish","hentry"],"acf":[],"yoast_head":"<!-- This site is optimized with the Yoast SEO plugin v26.3 - https:\/\/yoast.com\/wordpress\/plugins\/seo\/ -->\n<title>\u041f\u0440\u0435\u0439\u0441\u043a\u0443\u0440\u0430\u043d\u0442 - Botel Admiral<\/title>\n<meta name=\"robots\" content=\"index, follow, max-snippet:-1, max-image-preview:large, max-video-preview:-1\" \/>\n<link rel=\"canonical\" href=\"https:\/\/www.admiral-botel.cz\/cenik\/\" \/>\n<meta property=\"og:locale\" content=\"ru_RU\" \/>\n<meta property=\"og:type\" content=\"article\" \/>\n<meta property=\"og:title\" content=\"\u041f\u0440\u0435\u0439\u0441\u043a\u0443\u0440\u0430\u043d\u0442 - Botel Admiral\" \/>\n<meta property=\"og:description\" content=\"[vc_row][vc_column][vc_raw_html]JTNDaWZyYW1lJTIwc3JjJTNEJTIyaHR0cHMlM0ElMkYlMkZib29raW5nLmFkbWlyYWwtYm90ZWwuY3olMkZpbmRleC5qc3AlM0ZtJTNEcHJpY2UlMjZzJTNEaW5kZXglMjZ0JTNEcHJpY2UlMjZpJTNEdHJ1ZSUyNmxhbmclM0RydSUyMiUyMHN0eWxlJTNEJTIyYm9yZGVyJTNBJTIwbm9uZSUzQiUyMiUyMHdpZHRoJTNEJTIyMTAwJTI1JTIyJTIwaGVpZ2h0JTNEJTIyNjAwcHglMjIlM0UlM0MlMkZpZnJhbWUlM0U=[\/vc_raw_html][\/vc_column][\/vc_row]\" \/>\n<meta property=\"og:url\" content=\"https:\/\/www.admiral-botel.cz\/cenik\/\" \/>\n<meta property=\"og:site_name\" content=\"Botel Admiral\" \/>\n<meta property=\"article:modified_time\" content=\"2021-06-10T10:42:26+00:00\" \/>\n<meta name=\"twitter:card\" content=\"summary_large_image\" \/>\n<meta name=\"twitter:label1\" content=\"\u041f\u0440\u0438\u043c\u0435\u0440\u043d\u043e\u0435 \u0432\u0440\u0435\u043c\u044f \u0434\u043b\u044f \u0447\u0442\u0435\u043d\u0438\u044f\" \/>\n\t<meta name=\"twitter:data1\" content=\"1 \u043c\u0438\u043d\u0443\u0442\u0430\" \/>\n<script type=\"application\/ld+json\" class=\"yoast-schema-graph\">{\"@context\":\"https:\/\/schema.org\",\"@graph\":[{\"@type\":\"WebPage\",\"@id\":\"https:\/\/www.admiral-botel.cz\/cenik\/\",\"url\":\"https:\/\/www.admiral-botel.cz\/cenik\/\",\"name\":\"\u041f\u0440\u0435\u0439\u0441\u043a\u0443\u0440\u0430\u043d\u0442 - Botel Admiral\",\"isPartOf\":{\"@id\":\"https:\/\/www.admiral-botel.cz\/#website\"},\"datePublished\":\"2021-04-16T06:47:36+00:00\",\"dateModified\":\"2021-06-10T10:42:26+00:00\",\"breadcrumb\":{\"@id\":\"https:\/\/www.admiral-botel.cz\/cenik\/#breadcrumb\"},\"inLanguage\":\"ru-RU\",\"potentialAction\":[{\"@type\":\"ReadAction\",\"target\":[\"https:\/\/www.admiral-botel.cz\/cenik\/\"]}]},{\"@type\":\"BreadcrumbList\",\"@id\":\"https:\/\/www.admiral-botel.cz\/cenik\/#breadcrumb\",\"itemListElement\":[{\"@type\":\"ListItem\",\"position\":1,\"name\":\"Home\",\"item\":\"https:\/\/www.admiral-botel.cz\/ru\/\"},{\"@type\":\"ListItem\",\"position\":2,\"name\":\"\u041f\u0440\u0435\u0439\u0441\u043a\u0443\u0440\u0430\u043d\u0442\"}]},{\"@type\":\"WebSite\",\"@id\":\"https:\/\/www.admiral-botel.cz\/#website\",\"url\":\"https:\/\/www.admiral-botel.cz\/\",\"name\":\"Botel Admiral\",\"description\":\"Romantick\u00e9 a pohodln\u00e9 ubytov\u00e1n\u00ed v centru m\u011bsta mezi Vy\u0161ehradem a mostem Palack\u00e9ho, na lev\u00e9m b\u0159ehu Vltavy\",\"potentialAction\":[{\"@type\":\"SearchAction\",\"target\":{\"@type\":\"EntryPoint\",\"urlTemplate\":\"https:\/\/www.admiral-botel.cz\/?s={search_term_string}\"},\"query-input\":{\"@type\":\"PropertyValueSpecification\",\"valueRequired\":true,\"valueName\":\"search_term_string\"}}],\"inLanguage\":\"ru-RU\"}]}<\/script>\n<!-- \/ Yoast SEO plugin. -->","yoast_head_json":{"title":"\u041f\u0440\u0435\u0439\u0441\u043a\u0443\u0440\u0430\u043d\u0442 - Botel Admiral","robots":{"index":"index","follow":"follow","max-snippet":"max-snippet:-1","max-image-preview":"max-image-preview:large","max-video-preview":"max-video-preview:-1"},"canonical":"https:\/\/www.admiral-botel.cz\/cenik\/","og_locale":"ru_RU","og_type":"article","og_title":"\u041f\u0440\u0435\u0439\u0441\u043a\u0443\u0440\u0430\u043d\u0442 - Botel Admiral","og_description":"[vc_row][vc_column][vc_raw_html]JTNDaWZyYW1lJTIwc3JjJTNEJTIyaHR0cHMlM0ElMkYlMkZib29raW5nLmFkbWlyYWwtYm90ZWwuY3olMkZpbmRleC5qc3AlM0ZtJTNEcHJpY2UlMjZzJTNEaW5kZXglMjZ0JTNEcHJpY2UlMjZpJTNEdHJ1ZSUyNmxhbmclM0RydSUyMiUyMHN0eWxlJTNEJTIyYm9yZGVyJTNBJTIwbm9uZSUzQiUyMiUyMHdpZHRoJTNEJTIyMTAwJTI1JTIyJTIwaGVpZ2h0JTNEJTIyNjAwcHglMjIlM0UlM0MlMkZpZnJhbWUlM0U=[\/vc_raw_html][\/vc_column][\/vc_row]","og_url":"https:\/\/www.admiral-botel.cz\/cenik\/","og_site_name":"Botel Admiral","article_modified_time":"2021-06-10T10:42:26+00:00","twitter_card":"summary_large_image","twitter_misc":{"\u041f\u0440\u0438\u043c\u0435\u0440\u043d\u043e\u0435 \u0432\u0440\u0435\u043c\u044f \u0434\u043b\u044f \u0447\u0442\u0435\u043d\u0438\u044f":"1 \u043c\u0438\u043d\u0443\u0442\u0430"},"schema":{"@context":"https:\/\/schema.org","@graph":[{"@type":"WebPage","@id":"https:\/\/www.admiral-botel.cz\/cenik\/","url":"https:\/\/www.admiral-botel.cz\/cenik\/","name":"\u041f\u0440\u0435\u0439\u0441\u043a\u0443\u0440\u0430\u043d\u0442 - Botel Admiral","isPartOf":{"@id":"https:\/\/www.admiral-botel.cz\/#website"},"datePublished":"2021-04-16T06:47:36+00:00","dateModified":"2021-06-10T10:42:26+00:00","breadcrumb":{"@id":"https:\/\/www.admiral-botel.cz\/cenik\/#breadcrumb"},"inLanguage":"ru-RU","potentialAction":[{"@type":"ReadAction","target":["https:\/\/www.admiral-botel.cz\/cenik\/"]}]},{"@type":"BreadcrumbList","@id":"https:\/\/www.admiral-botel.cz\/cenik\/#breadcrumb","itemListElement":[{"@type":"ListItem","position":1,"name":"Home","item":"https:\/\/www.admiral-botel.cz\/ru\/"},{"@type":"ListItem","position":2,"name":"\u041f\u0440\u0435\u0439\u0441\u043a\u0443\u0440\u0430\u043d\u0442"}]},{"@type":"WebSite","@id":"https:\/\/www.admiral-botel.cz\/#website","url":"https:\/\/www.admiral-botel.cz\/","name":"Botel Admiral","description":"Romantick\u00e9 a pohodln\u00e9 ubytov\u00e1n\u00ed v centru m\u011bsta mezi Vy\u0161ehradem a mostem Palack\u00e9ho, na lev\u00e9m b\u0159ehu Vltavy","potentialAction":[{"@type":"SearchAction","target":{"@type":"EntryPoint","urlTemplate":"https:\/\/www.admiral-botel.cz\/?s={search_term_string}"},"query-input":{"@type":"PropertyValueSpecification","valueRequired":true,"valueName":"search_term_string"}}],"inLanguage":"ru-RU"}]}},"publishpress_future_action":{"enabled":false,"date":"2026-05-09 07:58:29","action":"change-status","newStatus":"draft","terms":[],"taxonomy":"post_tag","extraData":[]},"publishpress_future_workflow_manual_trigger":{"enabledWorkflows":[]},"_links":{"self":[{"href":"https:\/\/www.admiral-botel.cz\/ru\/wp-json\/wp\/v2\/pages\/11222","targetHints":{"allow":["GET"]}}],"collection":[{"href":"https:\/\/www.admiral-botel.cz\/ru\/wp-json\/wp\/v2\/pages"}],"about":[{"href":"https:\/\/www.admiral-botel.cz\/ru\/wp-json\/wp\/v2\/types\/page"}],"author":[{"embeddable":true,"href":"https:\/\/www.admiral-botel.cz\/ru\/wp-json\/wp\/v2\/users\/12"}],"replies":[{"embeddable":true,"href":"https:\/\/www.admiral-botel.cz\/ru\/wp-json\/wp\/v2\/comments?post=11222"}],"version-history":[{"count":0,"href":"https:\/\/www.admiral-botel.cz\/ru\/wp-json\/wp\/v2\/pages\/11222\/revisions"}],"wp:attachment":[{"href":"https:\/\/www.admiral-botel.cz\/ru\/wp-json\/wp\/v2\/media?parent=11222"}],"wp:term":[{"taxonomy":"post_tag","embeddable":true,"href":"https:\/\/www.admiral-botel.cz\/ru\/wp-json\/wp\/v2\/tags?post=11222"}],"curies":[{"name":"wp","href":"https:\/\/api.w.org\/{rel}","templated":true}]}}