{"id":6988,"date":"2019-06-11T11:05:32","date_gmt":"2019-06-11T11:05:32","guid":{"rendered":"https:\/\/www.www.admiral-botel.cz\/?page_id=6988"},"modified":"2021-05-13T14:25:50","modified_gmt":"2021-05-13T14:25:50","slug":"cookie-policy","status":"publish","type":"page","link":"https:\/\/www.admiral-botel.cz\/ru\/cookie-policy\/","title":{"rendered":"Cookie Policy"},"content":{"rendered":"<div class=\"wpb-content-wrapper\"><p>[vc_row][vc_column][vc_empty_space][\/vc_column][\/vc_row][vc_row][vc_column][vc_column_text]<strong>Prohl\u00e1\u0161en\u00ed o pou\u017eit\u00ed cookies a mo\u017enosti zamezen\u00ed pou\u017eit\u00ed<\/strong><\/p>\n<p>Pokud v\u00e1s zaj\u00edmaj\u00ed dal\u0161\u00ed informace o tom jak zpracov\u00e1v\u00e1me va\u0161e osobn\u00ed \u00fadaje, p\u0159e\u010dt\u011bte si\u00a0<strong><a href=\"https:\/\/semtix.cz\/osobni-udaje\/\">Z\u00e1sady ochrany osobn\u00edch \u00fadaj\u016f<\/a><\/strong>.<\/p>\n<p><strong>Co jsou cookies?<\/strong><\/p>\n<p>Cookies jsou mal\u00e9 datov\u00e9 soubory, d\u00edky kter\u00fdm si nav\u0161t\u00edven\u00e9 webov\u00e9 str\u00e1nky str\u00e1nky pamatuj\u00ed va\u0161e \u00fakony a nastaven\u00ed, kter\u00e9 jste na nich provedli. P\u0159i ka\u017ed\u00e9 dal\u0161\u00ed n\u00e1v\u0161t\u011bv\u011b str\u00e1nek pak prohl\u00ed\u017ee\u010d tato data ulo\u017een\u00e1 v souboru po\u0161le zp\u011bt serveru. Tomuto mal\u00e9mu souboru se \u0159\u00edk\u00e1 \u201ecookie\u201c a je to v kr\u00e1tk\u00fd textov\u00fd soubor, obsahuj\u00edc\u00ed specifick\u00fd \u0159et\u011bz znak\u016f s jedine\u010dn\u00fdmi informacemi. Cookies vyu\u017e\u00edv\u00e1me k tomu, abychom zabezpe\u010dili kvalitu na\u0161ich slu\u017eeb a l\u00e9pe porozum\u011bli tomu, jak lid\u00e9 pou\u017e\u00edvaj\u00ed na\u0161e str\u00e1nky. Proto m\u00e1me v cookies ulo\u017eeny preference u\u017eivatel\u016f a s jejich pomoc\u00ed sledujeme u\u017eivatelsk\u00e9 trendy a to, jak se lid\u00e9 na na\u0161ich str\u00e1nk\u00e1ch chovaj\u00ed a jak\u00fdm zp\u016fsobem si je prohl\u00ed\u017eej\u00ed. Cookies nep\u0159edstavuj\u00ed nebezpe\u010d\u00ed, maj\u00ed v\u0161ak v\u00fdznam pro ochranu soukrom\u00ed. Cookies nelze pou\u017e\u00edt pro zji\u0161t\u011bn\u00ed toto\u017enosti n\u00e1v\u0161t\u011bvn\u00edk\u016f str\u00e1nek ani ke zneu\u017eit\u00ed p\u0159ihla\u0161ovac\u00edch \u00fadaj\u016f.<\/p>\n<p><strong>Jak\u00e9 cookies pou\u017e\u00edv\u00e1me?<\/strong><\/p>\n<p>Na\u0161e internetov\u00e9 str\u00e1nky vyu\u017e\u00edvaj\u00ed pouze cookies \u201eprvn\u00ed strany\u201c, tedy cookies pou\u017e\u00edvan\u00e9 pouze na\u0161imi webov\u00fdmi str\u00e1nkami (d\u00e1le jen cookies prvn\u00ed strany) a cookies \u201et\u0159et\u00edch stran\u201c (tedy cookies poch\u00e1zej\u00edc\u00edch z internetov\u00fdch str\u00e1nek t\u0159et\u00edch stran). Cookies prvn\u00ed strany vyu\u017e\u00edv\u00e1me pro ukl\u00e1d\u00e1n\u00ed u\u017eivatelsk\u00fdch preferenc\u00ed a \u00fadaj\u016f, pot\u0159ebn\u00fdch b\u011bhem va\u0161\u00ed n\u00e1v\u0161t\u011bvy na internetov\u00fdch str\u00e1nk\u00e1ch a to p\u0159i sledov\u00e1n\u00ed anonymn\u00edch statistik, hlasov\u00e1n\u00ed v anket\u00e1ch, p\u0159epnut\u00ed zobrazen\u00ed z mobiln\u00edch za\u0159\u00edzen\u00ed do PC verze webu a p\u0159ihl\u00e1\u0161en\u00ed registrovan\u00e9ho u\u017eivatele. Cookies t\u0159et\u00edch stran pou\u017e\u00edv\u00e1me pro sledov\u00e1n\u00ed u\u017eivatelsk\u00fdch trend\u016f a vzorc\u016f chov\u00e1n\u00ed, c\u00edlen\u00ed reklamy a to za pomoci t\u0159et\u00edch stran \u2013 poskytovatel\u016f webov\u00fdch statistik. Cookies t\u0159et\u00edch stran pou\u017eit\u00e9 pro sledov\u00e1n\u00ed trend\u016f a vzorc\u016f chov\u00e1n\u00ed vyu\u017e\u00edvaj\u00ed pouze na\u0161e internetov\u00e9 str\u00e1nky a poskytovatel webov\u00fdch statistik, nejsou sd\u00edleny s \u017e\u00e1dnou dal\u0161\u00ed t\u0159et\u00ed stranou.<\/p>\n<p><strong>Souhlas s ukl\u00e1d\u00e1n\u00edm cookies<\/strong><\/p>\n<p>V\u011bt\u0161ina prohl\u00ed\u017ee\u010d\u016f cookies automaticky akceptuje, pokud nen\u00ed prohl\u00ed\u017ee\u010d nastaven jinak. Pou\u017e\u00edv\u00e1n\u00edm t\u011bchto webov\u00fdch str\u00e1nek souhlas\u00edte s ukl\u00e1d\u00e1n\u00edm soubor\u016f cookies.<\/p>\n<p><strong>Jak postupovat pokud nesouhlas\u00edte s pou\u017eit\u00edm cookies?<\/strong><\/p>\n<p>Pou\u017eit\u00ed cookies m\u016f\u017eete omezit nebo zablokovat v nastaven\u00ed sv\u00e9ho webov\u00e9ho prohl\u00ed\u017ee\u010de. Informace o nastaven\u00ed konkr\u00e9tn\u00edho prohl\u00ed\u017ee\u010de naleznete na uveden\u00fdch adres\u00e1ch:<\/p>\n<ul>\n<li>Internet Explorer:\u00a0<a href=\"http:\/\/windows.microsoft.com\/\">windows.microsoft.com<\/a><\/li>\n<li>Google Chrome:\u00a0<a href=\"http:\/\/support.google.com\/\">support.google.com<\/a><\/li>\n<li>Mozilla Firefox:\u00a0<a href=\"http:\/\/support.mozilla.org\/\">support.mozilla.org<\/a><\/li>\n<li>Opera:\u00a0<a href=\"http:\/\/help.opera.com\/\">help.opera.com<\/a><\/li>\n<\/ul>\n<p>[\/vc_column_text][\/vc_column][vc_column][\/vc_column][\/vc_row]<\/p>\n<\/div>","protected":false},"excerpt":{"rendered":"<p>[vc_row][vc_column][vc_empty_space][\/vc_column][\/vc_row][vc_row][vc_column][vc_column_text]Prohl\u00e1\u0161en\u00ed o pou\u017eit\u00ed cookies a mo\u017enosti zamezen\u00ed pou\u017eit\u00ed Pokud v\u00e1s zaj\u00edmaj\u00ed dal\u0161\u00ed informace o tom jak zpracov\u00e1v\u00e1me va\u0161e osobn\u00ed \u00fadaje, p\u0159e\u010dt\u011bte si\u00a0Z\u00e1sady ochrany osobn\u00edch \u00fadaj\u016f. Co<\/p>\n","protected":false},"author":6,"featured_media":0,"parent":0,"menu_order":0,"comment_status":"closed","ping_status":"closed","template":"","meta":{"_acf_changed":false,"footnotes":""},"tags":[],"class_list":["post-6988","page","type-page","status-publish","hentry"],"acf":[],"yoast_head":"<!-- This site is optimized with the Yoast SEO plugin v26.3 - https:\/\/yoast.com\/wordpress\/plugins\/seo\/ -->\n<title>Cookie Policy - Botel Admiral<\/title>\n<meta name=\"robots\" content=\"index, follow, max-snippet:-1, max-image-preview:large, max-video-preview:-1\" \/>\n<link rel=\"canonical\" href=\"https:\/\/www.admiral-botel.cz\/cookie-policy\/\" \/>\n<meta property=\"og:locale\" content=\"ru_RU\" \/>\n<meta property=\"og:type\" content=\"article\" \/>\n<meta property=\"og:title\" content=\"Cookie Policy - Botel Admiral\" \/>\n<meta property=\"og:description\" content=\"[vc_row][vc_column][vc_empty_space][\/vc_column][\/vc_row][vc_row][vc_column][vc_column_text]Prohl\u00e1\u0161en\u00ed o pou\u017eit\u00ed cookies a mo\u017enosti zamezen\u00ed pou\u017eit\u00ed Pokud v\u00e1s zaj\u00edmaj\u00ed dal\u0161\u00ed informace o tom jak zpracov\u00e1v\u00e1me va\u0161e osobn\u00ed \u00fadaje, p\u0159e\u010dt\u011bte si\u00a0Z\u00e1sady ochrany osobn\u00edch \u00fadaj\u016f. Co\" \/>\n<meta property=\"og:url\" content=\"https:\/\/www.admiral-botel.cz\/cookie-policy\/\" \/>\n<meta property=\"og:site_name\" content=\"Botel Admiral\" \/>\n<meta property=\"article:modified_time\" content=\"2021-05-13T14:25:50+00:00\" \/>\n<meta name=\"twitter:card\" content=\"summary_large_image\" \/>\n<meta name=\"twitter:label1\" content=\"\u041f\u0440\u0438\u043c\u0435\u0440\u043d\u043e\u0435 \u0432\u0440\u0435\u043c\u044f \u0434\u043b\u044f \u0447\u0442\u0435\u043d\u0438\u044f\" \/>\n\t<meta name=\"twitter:data1\" content=\"2 \u043c\u0438\u043d\u0443\u0442\u044b\" \/>\n<script type=\"application\/ld+json\" class=\"yoast-schema-graph\">{\"@context\":\"https:\/\/schema.org\",\"@graph\":[{\"@type\":\"WebPage\",\"@id\":\"https:\/\/www.admiral-botel.cz\/cookie-policy\/\",\"url\":\"https:\/\/www.admiral-botel.cz\/cookie-policy\/\",\"name\":\"Cookie Policy - Botel Admiral\",\"isPartOf\":{\"@id\":\"https:\/\/www.admiral-botel.cz\/#website\"},\"datePublished\":\"2019-06-11T11:05:32+00:00\",\"dateModified\":\"2021-05-13T14:25:50+00:00\",\"breadcrumb\":{\"@id\":\"https:\/\/www.admiral-botel.cz\/cookie-policy\/#breadcrumb\"},\"inLanguage\":\"ru-RU\",\"potentialAction\":[{\"@type\":\"ReadAction\",\"target\":[\"https:\/\/www.admiral-botel.cz\/cookie-policy\/\"]}]},{\"@type\":\"BreadcrumbList\",\"@id\":\"https:\/\/www.admiral-botel.cz\/cookie-policy\/#breadcrumb\",\"itemListElement\":[{\"@type\":\"ListItem\",\"position\":1,\"name\":\"Home\",\"item\":\"https:\/\/www.admiral-botel.cz\/ru\/\"},{\"@type\":\"ListItem\",\"position\":2,\"name\":\"Cookie Policy\"}]},{\"@type\":\"WebSite\",\"@id\":\"https:\/\/www.admiral-botel.cz\/#website\",\"url\":\"https:\/\/www.admiral-botel.cz\/\",\"name\":\"Botel Admiral\",\"description\":\"Romantick\u00e9 a pohodln\u00e9 ubytov\u00e1n\u00ed v centru m\u011bsta mezi Vy\u0161ehradem a mostem Palack\u00e9ho, na lev\u00e9m b\u0159ehu Vltavy\",\"potentialAction\":[{\"@type\":\"SearchAction\",\"target\":{\"@type\":\"EntryPoint\",\"urlTemplate\":\"https:\/\/www.admiral-botel.cz\/?s={search_term_string}\"},\"query-input\":{\"@type\":\"PropertyValueSpecification\",\"valueRequired\":true,\"valueName\":\"search_term_string\"}}],\"inLanguage\":\"ru-RU\"}]}<\/script>\n<!-- \/ Yoast SEO plugin. -->","yoast_head_json":{"title":"Cookie Policy - Botel Admiral","robots":{"index":"index","follow":"follow","max-snippet":"max-snippet:-1","max-image-preview":"max-image-preview:large","max-video-preview":"max-video-preview:-1"},"canonical":"https:\/\/www.admiral-botel.cz\/cookie-policy\/","og_locale":"ru_RU","og_type":"article","og_title":"Cookie Policy - Botel Admiral","og_description":"[vc_row][vc_column][vc_empty_space][\/vc_column][\/vc_row][vc_row][vc_column][vc_column_text]Prohl\u00e1\u0161en\u00ed o pou\u017eit\u00ed cookies a mo\u017enosti zamezen\u00ed pou\u017eit\u00ed Pokud v\u00e1s zaj\u00edmaj\u00ed dal\u0161\u00ed informace o tom jak zpracov\u00e1v\u00e1me va\u0161e osobn\u00ed \u00fadaje, p\u0159e\u010dt\u011bte si\u00a0Z\u00e1sady ochrany osobn\u00edch \u00fadaj\u016f. Co","og_url":"https:\/\/www.admiral-botel.cz\/cookie-policy\/","og_site_name":"Botel Admiral","article_modified_time":"2021-05-13T14:25:50+00:00","twitter_card":"summary_large_image","twitter_misc":{"\u041f\u0440\u0438\u043c\u0435\u0440\u043d\u043e\u0435 \u0432\u0440\u0435\u043c\u044f \u0434\u043b\u044f \u0447\u0442\u0435\u043d\u0438\u044f":"2 \u043c\u0438\u043d\u0443\u0442\u044b"},"schema":{"@context":"https:\/\/schema.org","@graph":[{"@type":"WebPage","@id":"https:\/\/www.admiral-botel.cz\/cookie-policy\/","url":"https:\/\/www.admiral-botel.cz\/cookie-policy\/","name":"Cookie Policy - Botel Admiral","isPartOf":{"@id":"https:\/\/www.admiral-botel.cz\/#website"},"datePublished":"2019-06-11T11:05:32+00:00","dateModified":"2021-05-13T14:25:50+00:00","breadcrumb":{"@id":"https:\/\/www.admiral-botel.cz\/cookie-policy\/#breadcrumb"},"inLanguage":"ru-RU","potentialAction":[{"@type":"ReadAction","target":["https:\/\/www.admiral-botel.cz\/cookie-policy\/"]}]},{"@type":"BreadcrumbList","@id":"https:\/\/www.admiral-botel.cz\/cookie-policy\/#breadcrumb","itemListElement":[{"@type":"ListItem","position":1,"name":"Home","item":"https:\/\/www.admiral-botel.cz\/ru\/"},{"@type":"ListItem","position":2,"name":"Cookie Policy"}]},{"@type":"WebSite","@id":"https:\/\/www.admiral-botel.cz\/#website","url":"https:\/\/www.admiral-botel.cz\/","name":"Botel Admiral","description":"Romantick\u00e9 a pohodln\u00e9 ubytov\u00e1n\u00ed v centru m\u011bsta mezi Vy\u0161ehradem a mostem Palack\u00e9ho, na lev\u00e9m b\u0159ehu Vltavy","potentialAction":[{"@type":"SearchAction","target":{"@type":"EntryPoint","urlTemplate":"https:\/\/www.admiral-botel.cz\/?s={search_term_string}"},"query-input":{"@type":"PropertyValueSpecification","valueRequired":true,"valueName":"search_term_string"}}],"inLanguage":"ru-RU"}]}},"publishpress_future_action":{"enabled":false,"date":"2026-05-07 03:56:56","action":"change-status","newStatus":"draft","terms":[],"taxonomy":"post_tag","extraData":[]},"publishpress_future_workflow_manual_trigger":{"enabledWorkflows":[]},"_links":{"self":[{"href":"https:\/\/www.admiral-botel.cz\/ru\/wp-json\/wp\/v2\/pages\/6988","targetHints":{"allow":["GET"]}}],"collection":[{"href":"https:\/\/www.admiral-botel.cz\/ru\/wp-json\/wp\/v2\/pages"}],"about":[{"href":"https:\/\/www.admiral-botel.cz\/ru\/wp-json\/wp\/v2\/types\/page"}],"author":[{"embeddable":true,"href":"https:\/\/www.admiral-botel.cz\/ru\/wp-json\/wp\/v2\/users\/6"}],"replies":[{"embeddable":true,"href":"https:\/\/www.admiral-botel.cz\/ru\/wp-json\/wp\/v2\/comments?post=6988"}],"version-history":[{"count":0,"href":"https:\/\/www.admiral-botel.cz\/ru\/wp-json\/wp\/v2\/pages\/6988\/revisions"}],"wp:attachment":[{"href":"https:\/\/www.admiral-botel.cz\/ru\/wp-json\/wp\/v2\/media?parent=6988"}],"wp:term":[{"taxonomy":"post_tag","embeddable":true,"href":"https:\/\/www.admiral-botel.cz\/ru\/wp-json\/wp\/v2\/tags?post=6988"}],"curies":[{"name":"wp","href":"https:\/\/api.w.org\/{rel}","templated":true}]}}