{"id":6990,"date":"2019-06-11T11:07:18","date_gmt":"2019-06-11T11:07:18","guid":{"rendered":"https:\/\/www.www.admiral-botel.cz\/?page_id=6990"},"modified":"2021-06-10T06:56:00","modified_gmt":"2021-06-10T06:56:00","slug":"zasady-ochrana-osobnich-udaju","status":"publish","type":"page","link":"https:\/\/www.admiral-botel.cz\/ru\/zasady-ochrana-osobnich-udaju\/","title":{"rendered":"Z\u00e1sady ochrana osobn\u00edch \u00fadaj\u016f"},"content":{"rendered":"<div class=\"wpb-content-wrapper\"><p>[vc_row][vc_column][vc_empty_space][\/vc_column][\/vc_row][vc_row][vc_column][vc_column_text]<\/p>\n<h1 class=\"post-title\">Z\u00e1sady ochrany osobn\u00edch \u00fadaj\u016f<\/h1>\n<p>Vyu\u017e\u00edv\u00e1me n\u011bkter\u00e9 n\u00e1stroj, kter\u00e9 n\u00e1m v r\u00e1mci propagace p\u0159\u00edmo p\u0159ed\u00e1vaj\u00ed \u00fadaje o n\u00e1v\u0161t\u011bvn\u00edc\u00edch. M\u016f\u017ee se jednat o nap\u0159\u00edklad vypln\u011bn\u00e9 formul\u00e1\u0159e (tzv. leady) \u010di dal\u0161\u00ed druhy propagace. \u00dadaje, kter\u00e9 v takov\u00fdch slu\u017eb\u00e1ch vypln\u00edte, pou\u017eijeme v\u00fdhradn\u011b ke kontaktov\u00e1n\u00ed V\u00e1s s bli\u017e\u0161\u00edm popisem na\u0161ich slu\u017eeb a produkt\u016f a v\u00fdhradn\u011b z d\u016fvod\u016f mo\u017en\u00e9 spolupr\u00e1ce. Va\u0161e \u00fadaje z takto z\u00edskan\u00fdch zdroj\u016f nebudeme sd\u00edlet s \u017e\u00e1dnou t\u0159et\u00ed stranou, ani je jin\u00fdm zp\u016fsobem \u0161\u00ed\u0159it.<\/p>\n<h3>Z\u00e1sady ochrany soukrom\u00ed<\/h3>\n<div>\u00a0Tyto z\u00e1sady ochrany osobn\u00edch \u00fadaj\u016f jsou platn\u00e9 pro\u00a0<strong>Cestovn\u00ed agentura ALLVATOURS spol. s r.o. &#8212; provozovatel Botelu Admir\u00e1l\u00a0<\/strong>se s\u00eddlem Ho\u0159ej\u0161\u00ed n\u00e1b\u0159e\u017e\u00ed, CZ 150 00 Praha 5, \u010cesk\u00e1 republika <strong>I\u010cO:<\/strong>\u00a0<a href=\"https:\/\/or.justice.cz\/ias\/ui\/rejstrik-firma.vysledky?subjektId=459581&amp;typ=UPLNY\" target=\"_blank\" rel=\"noopener noreferrer\">49702688<\/a>, <strong>DI\u010c:<\/strong>\u00a0<a href=\"https:\/\/adisreg.mfcr.cz\/cgi-bin\/adis\/idph\/int_dp_prij.cgi?id=1&amp;pocet=1&amp;fu=&amp;OK=+Search+&amp;ZPRAC=RDPHI1&amp;dic=49702688\" target=\"_blank\" rel=\"noopener noreferrer\">CZ49702688<\/a> d\u00e1le jen spole\u010dnost\u00a0<strong>Cestovn\u00ed agentura ALLVATOURS spol. s r.o. &#8212; provozovatel Botelu Admir\u00e1l<\/strong>.<\/div>\n<p><strong>Informace ke zpracov\u00e1n\u00ed osobn\u00edch dat<\/strong><\/p>\n<p>Spole\u010dnost Cestovn\u00ed agentura ALLVATOURS spol. s r.o. &#8212; provozovatel Botelu Admir\u00e1l db\u00e1 na ochranu osobn\u00edch \u00fadaj\u016f, kter\u00e9 n\u00e1m p\u0159ed\u00e1v\u00e1te. Je d\u016fle\u017eit\u00e9, abyste v\u011bd\u011bli, \u017ee osobn\u00ed \u00fadaje, kter\u00e9 n\u00e1m poskytujete zpracov\u00e1v\u00e1me zodpov\u011bdn\u011b, transparentn\u011b a v souladu s Na\u0159\u00edzen\u00edm Evropsk\u00e9ho parlamentu a Rady (EU) 2016\/679. M\u00e1te n\u00e1rok po\u017e\u00e1dat o informace o evidovan\u00fdch osobn\u00edch \u00fadaj\u00edch, jejich opravu \u010di v\u00fdmaz, pokud jsou ud\u011bleny na z\u00e1klad\u011b V\u00e1mi ud\u011blen\u00e9ho souhlasu. Pokud doch\u00e1z\u00ed k automatizovan\u00e9mu zpracov\u00e1n\u00ed, m\u00e1te pr\u00e1vo na p\u0159enositelnost \u00fadaj\u016f a neb\u00fdt p\u0159edm\u011btem rozhodnut\u00ed zalo\u017een\u00e9ho v\u00fdhradn\u011b na tomto rozhodov\u00e1n\u00ed. V p\u0159\u00edpad\u011b jak\u00fdchkoli dotaz\u016f a \u017e\u00e1dost\u00ed t\u00fdkaj\u00edc\u00edch se zpracov\u00e1n\u00ed Va\u0161ich osobn\u00edch \u00fadaj\u016f se na n\u00e1s m\u016f\u017eete obr\u00e1tit p\u00edsemn\u011b na adrese s\u00eddla spole\u010dnosti.<\/p>\n<p><strong>Zabezpe\u010den\u00ed Va\u0161ich osobn\u00edch dat<\/strong><\/p>\n<p>Spole\u010dnost Cestovn\u00ed agentura ALLVATOURS spol. s r.o. &#8212; provozovatel Botelu Admir\u00e1l db\u00e1 na bezpe\u010dnost osobn\u00edch dat, kter\u00e9 n\u00e1m p\u0159ed\u00e1v\u00e1te. K Va\u0161im osobn\u00edm \u00fadaj\u016fm, kter\u00e9 jsme od V\u00e1s z\u00edskali, nem\u00e1 p\u0159\u00edstup \u017e\u00e1dn\u00e1 neopr\u00e1vn\u011bn\u00e1 osoba a nep\u0159ed\u00e1v\u00e1me jej bez Va\u0161eho souhlasu dal\u0161\u00edm subjekt\u016fm pro dal\u0161\u00ed zpracov\u00e1n\u00ed, pokud to nevy\u017eaduje z\u00e1kon nebo v p\u0159\u00edpad\u011b ochrany na\u0161ich pr\u00e1vn\u00edch z\u00e1jm\u016f.<\/p>\n<p><strong>Pr\u00e1vo na informace<\/strong><\/p>\n<p>Va\u0161\u00edm pr\u00e1vem je po\u017e\u00e1dat Spole\u010dnost Cestovn\u00ed agentura ALLVATOURS spol. s r.o. &#8212; provozovatel Botelu Admir\u00e1l o informace, jak\u00e9 osobn\u00ed \u00fadaje a v jak\u00e9m rozsahu a pro jak\u00fd \u00fa\u010del o V\u00e1s zpracov\u00e1v\u00e1me. Tyto informace V\u00e1m poskytneme zdarma ve lh\u016ft\u011b nejpozd\u011bji 30 dn\u016f, v mimo\u0159\u00e1dn\u00fdch situac\u00edch pak nejpozd\u011bji ve lh\u016ft\u011b 90 dn\u016f. O prodlou\u017een\u00ed lh\u016fty v mimo\u0159\u00e1dn\u00fdch p\u0159\u00edpadech V\u00e1s budeme v\u010das informovat. Pokud budete po\u017eadovat sd\u011blen\u00ed informac\u00ed, kter\u00e9 o V\u00e1s evidujeme, budeme nejprve pot\u0159ebovat ov\u011b\u0159it, \u017ee jste skute\u010dn\u011b osoba, kter\u00e9 n\u00e1le\u017e\u00ed tato informace. Ve Va\u0161\u00ed \u017e\u00e1dosti tedy uve\u010fte dostate\u010dnou identifikaci Va\u0161\u00ed osoby. V p\u0159\u00edpad\u011b pot\u0159eby m\u00e1me pr\u00e1vo vy\u017e\u00e1dat si dopl\u0148uj\u00edc\u00ed informace k Va\u0161\u00ed identifikaci, ne\u017e V\u00e1m poskytneme osobn\u00ed \u00fadaje, kter\u00e9 zpracov\u00e1v\u00e1me k Va\u0161\u00ed osob\u011b. Na\u0161\u00edm pr\u00e1vem pak je od\u016fvodn\u011bn\u011b zam\u00edtnout po\u017eadavky na informace, kter\u00e9 jsou bezd\u016fvodn\u00e9, \u010di se nep\u0159im\u011b\u0159en\u011b opakuj\u00ed, p\u0159\u00edpadn\u011b jejich z\u00edsk\u00e1n\u00ed vy\u017eaduje nep\u0159im\u011b\u0159en\u00e9 \u00fasil\u00ed nebo by byly obt\u00ed\u017en\u011b z\u00edskateln\u00e9 (typicky ze z\u00e1loh, archiv\u016f apod.).<\/p>\n<p><strong>Pr\u00e1vo na p\u0159enositelnost \u00fadaj\u016f<\/strong><\/p>\n<p>M\u00e1te pr\u00e1vo z\u00edskat osobn\u00ed \u00fadaje, kter\u00e9 o V\u00e1s evidujeme, ve strukturovan\u00e9m, b\u011b\u017en\u011b pou\u017e\u00edvan\u00e9m a strojov\u011b \u010diteln\u00e9m form\u00e1tu. Na z\u00e1klad\u011b Va\u0161\u00ed \u017e\u00e1dosti mohou b\u00fdt tato data p\u0159ed\u00e1na jin\u00e9mu spr\u00e1vci.<\/p>\n<p><strong>Aktualizace \u00fadaj\u016f, pr\u00e1vo na opravu<\/strong><\/p>\n<p>Jeliko\u017e se mohou osobn\u00ed \u00fadaje v pr\u016fb\u011bhu \u010dasu m\u011bnit (nap\u0159\u00edklad zm\u011bna P\u0159\u00edjmen\u00ed), budeme r\u00e1di, pokud n\u00e1s informujete, \u017ee u V\u00e1s nastala n\u011bjak\u00e1 zm\u011bna, tak abychom Va\u0161e osobn\u00ed \u00fadaje m\u011bli aktu\u00e1ln\u00ed a nedoch\u00e1zelo k p\u0159\u00edpadn\u00fdm omyl\u016fm. Pod\u00e1n\u00ed informace o zm\u011bn\u011b \u00fadaj\u016f je nezbytn\u011b nutn\u00e9 pro to, abychom mohli \u0159\u00e1dn\u011b vykon\u00e1vat svoji \u010dinnost Spr\u00e1vce. S t\u00edm souvis\u00ed i Va\u0161e pr\u00e1vo na opravu osobn\u00edch \u00fadaj\u016f, kter\u00e9 o V\u00e1s evidujeme. Pokud zjist\u00edte, \u017ee na\u0161e \u00fadaje ji\u017e nejsou aktu\u00e1ln\u00ed, m\u00e1te pr\u00e1vo po\u017eadovat jejich opravu. Sv\u00e1 data m\u016f\u017eete zkontrolovat a nebo zm\u011bnit po p\u0159ihl\u00e1\u0161en\u00ed na tomto webu. Pokud si nejste jisti, nev\u00e1hejte n\u00e1s kontaktovat pomoc\u00ed kontaktn\u00edho formul\u00e1\u0159e.<\/p>\n<p><strong>N\u00e1mitky<\/strong><\/p>\n<p>Pokud se domn\u00edv\u00e1te \u017ee Va\u0161e osobn\u00ed \u00fadaje nezpracov\u00e1v\u00e1me v souladu s platnou legislativou \u010cR a Unie, m\u00e1te pr\u00e1vo vzn\u00e9st n\u00e1mitku a my n\u00e1sledn\u011b prov\u011b\u0159\u00edme opr\u00e1vn\u011bnost Va\u0161eho po\u017eadavku. V okam\u017eiku pod\u00e1n\u00ed n\u00e1mitky bude zpracov\u00e1n\u00ed Va\u0161ich osobn\u00edch \u00fadaj\u016f omezeno, dokud nebude ov\u011b\u0159eno, zda je n\u00e1mitka opr\u00e1vn\u011bn\u00e1. Informujeme V\u00e1s, \u017ee Va\u0161\u00edm pr\u00e1vem je obr\u00e1tit se tak\u00e9 s n\u00e1mitkou proti zpracov\u00e1van\u00fdm osobn\u00edm \u00fadaj\u016fm, kter\u00e9 o V\u00e1s zpracov\u00e1v\u00e1me na p\u0159\u00edslu\u0161n\u00fd dozorov\u00fd \u00fa\u0159ad na ochranu osobn\u00edch \u00fadaj\u016f na adrese: \u00da\u0159ad pro ochranu osobn\u00edch \u00fadaj\u016f, Pplk. Sochora 27 170 00 Praha 7.<\/p>\n<p><strong>Pr\u00e1vo na omezen\u00ed zpracov\u00e1n\u00ed<\/strong><\/p>\n<p>M\u00e1te pr\u00e1vo na omezen\u00ed zpracov\u00e1n\u00ed Va\u0161ich osobn\u00edch \u00fadaj\u016f v p\u0159\u00edpad\u011b, \u017ee se domn\u00edv\u00e1te, \u017ee takto evidovan\u00e9 nejsou p\u0159esn\u00e9, p\u0159\u00edpadn\u011b je zpracov\u00e1v\u00e1me protipr\u00e1vn\u011b a d\u00e1le pokud se domn\u00edv\u00e1te, \u017ee tyto \u00fadaje ji\u017e nepot\u0159ebujeme pro \u00fa\u010dely jejich zpracov\u00e1n\u00ed.<\/p>\n<p><strong>Pr\u00e1vo na v\u00fdmaz<\/strong><\/p>\n<p>Pokud jste n\u00e1m n\u011bkdy ud\u011blili souhlas se zpracov\u00e1n\u00edm sv\u00fdch osobn\u00edch \u00fadaj\u016f, m\u00e1te pr\u00e1vo jej kdykoli odvolat a my \u00fadaje, kter\u00e9 zpracov\u00e1v\u00e1me v\u00fdhradn\u011b na z\u00e1klad\u011b Va\u0161eho souhlasu, m\u00e1me povinnost vymazat. Pr\u00e1vo na v\u00fdmaz se nevztahuje na zpracov\u00e1van\u00e9 \u00fadaje v r\u00e1mci povinnosti pln\u011bn\u00ed smlouvy, z\u00e1konn\u00fdch d\u016fvod\u016f, \u010di opr\u00e1vn\u011bn\u00fdch z\u00e1jm\u016f.<\/p>\n<p><strong>Kam se m\u016f\u017eete obr\u00e1tit<\/strong><\/p>\n<p>Se sv\u00fdmi dotazy na ochranu osobn\u00edch \u00fadaj\u016f se m\u016f\u017eete tak\u00e9 obracet na kontaktn\u00ed formul\u00e1\u0159 p\u0159\u00edpadn\u011b na kontaktn\u00ed adresu uvedenou v kontaktech spole\u010dnosti.<\/p>\n<p><strong>Kontaktn\u00ed formul\u00e1\u0159<\/strong><\/p>\n<p>Pokud n\u00e1s kontaktujete prost\u0159ednictv\u00edm webov\u00e9ho formul\u00e1\u0159e, ukl\u00e1d\u00e1me si n\u011bkolik z\u00e1kladn\u00edch informac\u00ed. Jedn\u00e1 se o:<\/p>\n<p><strong>*<\/strong>\u00a0Jm\u00e9no<br \/>\n<strong>*<\/strong>\u00a0E-mailovou adresu<br \/>\n<strong>*<\/strong>\u00a0\u010cas odesl\u00e1n\u00ed<br \/>\n<strong>*<\/strong>\u00a0IP adresu<\/p>\n<p>Uveden\u00e9 \u00fadaje pot\u0159ebujeme pro zp\u011btn\u00fd kontakt s v\u00e1mi, a pro dolo\u017een\u00ed vzniku komunikace ve smyslu Na\u0159\u00edzen\u00ed Evropsk\u00e9ho parlamentu a Rady (EU) 2016\/679.<\/p>\n<p><strong>Webov\u00e9 str\u00e1nky<\/strong><\/p>\n<p>Pokud p\u0159istoup\u00edte na na\u0161e webov\u00e9 str\u00e1nky a prohl\u00ed\u017e\u00edte si je, zpracov\u00e1v\u00e1me n\u00e1sleduj\u00edc\u00ed protokolov\u00e9 soubory a ukl\u00e1d\u00e1me je na na\u0161ich serverech. Mezi informace, kter\u00e9 ukl\u00e1d\u00e1me pat\u0159\u00ed:<\/p>\n<ul>\n<li>Va\u0161e IP Adresa<\/li>\n<li>\u010cas va\u0161\u00ed n\u00e1v\u0161t\u011bvy<\/li>\n<li>Otev\u00edran\u00e9 str\u00e1nky na\u0161eho webu<\/li>\n<li>K\u00f3d odpov\u011bdi http<\/li>\n<li>Identifikace Va\u0161eho prohl\u00ed\u017ee\u010de<\/li>\n<li>Informace o konverz\u00edch (vypln\u011bn\u00ed formul\u00e1\u0159e, objedn\u00e1vka, kliknut\u00ed na email, vol\u00e1n\u00ed)<\/li>\n<\/ul>\n<p>Tyto informace zpracov\u00e1v\u00e1me pouze pro \u00fa\u010dely na\u0161\u00ed pr\u00e1vn\u00ed ochrany a m\u011b\u0159en\u00ed v\u00fdkonnosti webu po dobu maxim\u00e1ln\u011b 10 let.<\/p>\n<p>Kdy\u017e nav\u0161t\u00edv\u00edte na\u0161e webov\u00e9 str\u00e1nky, jste informov\u00e1ni, \u017ee vyu\u017e\u00edv\u00e1me soubory cookie. V\u00edce informac\u00ed se dozv\u00edte v Prohl\u00e1\u0161en\u00ed o\u00a0<strong><a href=\"\/cookie-policy\/\">pou\u017eit\u00ed cookies a mo\u017enosti zamezen\u00ed pou\u017eit\u00ed<\/a><\/strong>.[\/vc_column_text][\/vc_column][vc_column][\/vc_column][\/vc_row]<\/p>\n<\/div>","protected":false},"excerpt":{"rendered":"<p>[vc_row][vc_column][vc_empty_space][\/vc_column][\/vc_row][vc_row][vc_column][vc_column_text] Z\u00e1sady ochrany osobn\u00edch \u00fadaj\u016f Vyu\u017e\u00edv\u00e1me n\u011bkter\u00e9 n\u00e1stroj, kter\u00e9 n\u00e1m v r\u00e1mci propagace p\u0159\u00edmo p\u0159ed\u00e1vaj\u00ed \u00fadaje o n\u00e1v\u0161t\u011bvn\u00edc\u00edch. M\u016f\u017ee se jednat o nap\u0159\u00edklad vypln\u011bn\u00e9 formul\u00e1\u0159e (tzv.<\/p>\n","protected":false},"author":6,"featured_media":0,"parent":0,"menu_order":0,"comment_status":"closed","ping_status":"closed","template":"","meta":{"_acf_changed":false,"footnotes":""},"tags":[],"class_list":["post-6990","page","type-page","status-publish","hentry"],"acf":[],"yoast_head":"<!-- This site is optimized with the Yoast SEO plugin v26.3 - https:\/\/yoast.com\/wordpress\/plugins\/seo\/ -->\n<title>Z\u00e1sady ochrana osobn\u00edch \u00fadaj\u016f - Botel Admiral<\/title>\n<meta name=\"robots\" content=\"index, follow, max-snippet:-1, max-image-preview:large, max-video-preview:-1\" \/>\n<link rel=\"canonical\" href=\"https:\/\/www.admiral-botel.cz\/zasady-ochrana-osobnich-udaju\/\" \/>\n<meta property=\"og:locale\" content=\"ru_RU\" \/>\n<meta property=\"og:type\" content=\"article\" \/>\n<meta property=\"og:title\" content=\"Z\u00e1sady ochrana osobn\u00edch \u00fadaj\u016f - Botel Admiral\" \/>\n<meta property=\"og:description\" content=\"[vc_row][vc_column][vc_empty_space][\/vc_column][\/vc_row][vc_row][vc_column][vc_column_text] Z\u00e1sady ochrany osobn\u00edch \u00fadaj\u016f Vyu\u017e\u00edv\u00e1me n\u011bkter\u00e9 n\u00e1stroj, kter\u00e9 n\u00e1m v r\u00e1mci propagace p\u0159\u00edmo p\u0159ed\u00e1vaj\u00ed \u00fadaje o n\u00e1v\u0161t\u011bvn\u00edc\u00edch. M\u016f\u017ee se jednat o nap\u0159\u00edklad vypln\u011bn\u00e9 formul\u00e1\u0159e (tzv.\" \/>\n<meta property=\"og:url\" content=\"https:\/\/www.admiral-botel.cz\/zasady-ochrana-osobnich-udaju\/\" \/>\n<meta property=\"og:site_name\" content=\"Botel Admiral\" \/>\n<meta property=\"article:modified_time\" content=\"2021-06-10T06:56:00+00:00\" \/>\n<meta name=\"twitter:card\" content=\"summary_large_image\" \/>\n<meta name=\"twitter:label1\" content=\"\u041f\u0440\u0438\u043c\u0435\u0440\u043d\u043e\u0435 \u0432\u0440\u0435\u043c\u044f \u0434\u043b\u044f \u0447\u0442\u0435\u043d\u0438\u044f\" \/>\n\t<meta name=\"twitter:data1\" content=\"5 \u043c\u0438\u043d\u0443\u0442\" \/>\n<script type=\"application\/ld+json\" class=\"yoast-schema-graph\">{\"@context\":\"https:\/\/schema.org\",\"@graph\":[{\"@type\":\"WebPage\",\"@id\":\"https:\/\/www.admiral-botel.cz\/zasady-ochrana-osobnich-udaju\/\",\"url\":\"https:\/\/www.admiral-botel.cz\/zasady-ochrana-osobnich-udaju\/\",\"name\":\"Z\u00e1sady ochrana osobn\u00edch \u00fadaj\u016f - Botel Admiral\",\"isPartOf\":{\"@id\":\"https:\/\/www.admiral-botel.cz\/#website\"},\"datePublished\":\"2019-06-11T11:07:18+00:00\",\"dateModified\":\"2021-06-10T06:56:00+00:00\",\"breadcrumb\":{\"@id\":\"https:\/\/www.admiral-botel.cz\/zasady-ochrana-osobnich-udaju\/#breadcrumb\"},\"inLanguage\":\"ru-RU\",\"potentialAction\":[{\"@type\":\"ReadAction\",\"target\":[\"https:\/\/www.admiral-botel.cz\/zasady-ochrana-osobnich-udaju\/\"]}]},{\"@type\":\"BreadcrumbList\",\"@id\":\"https:\/\/www.admiral-botel.cz\/zasady-ochrana-osobnich-udaju\/#breadcrumb\",\"itemListElement\":[{\"@type\":\"ListItem\",\"position\":1,\"name\":\"Home\",\"item\":\"https:\/\/www.admiral-botel.cz\/ru\/\"},{\"@type\":\"ListItem\",\"position\":2,\"name\":\"Z\u00e1sady ochrana osobn\u00edch \u00fadaj\u016f\"}]},{\"@type\":\"WebSite\",\"@id\":\"https:\/\/www.admiral-botel.cz\/#website\",\"url\":\"https:\/\/www.admiral-botel.cz\/\",\"name\":\"Botel Admiral\",\"description\":\"Romantick\u00e9 a pohodln\u00e9 ubytov\u00e1n\u00ed v centru m\u011bsta mezi Vy\u0161ehradem a mostem Palack\u00e9ho, na lev\u00e9m b\u0159ehu Vltavy\",\"potentialAction\":[{\"@type\":\"SearchAction\",\"target\":{\"@type\":\"EntryPoint\",\"urlTemplate\":\"https:\/\/www.admiral-botel.cz\/?s={search_term_string}\"},\"query-input\":{\"@type\":\"PropertyValueSpecification\",\"valueRequired\":true,\"valueName\":\"search_term_string\"}}],\"inLanguage\":\"ru-RU\"}]}<\/script>\n<!-- \/ Yoast SEO plugin. -->","yoast_head_json":{"title":"Z\u00e1sady ochrana osobn\u00edch \u00fadaj\u016f - Botel Admiral","robots":{"index":"index","follow":"follow","max-snippet":"max-snippet:-1","max-image-preview":"max-image-preview:large","max-video-preview":"max-video-preview:-1"},"canonical":"https:\/\/www.admiral-botel.cz\/zasady-ochrana-osobnich-udaju\/","og_locale":"ru_RU","og_type":"article","og_title":"Z\u00e1sady ochrana osobn\u00edch \u00fadaj\u016f - Botel Admiral","og_description":"[vc_row][vc_column][vc_empty_space][\/vc_column][\/vc_row][vc_row][vc_column][vc_column_text] Z\u00e1sady ochrany osobn\u00edch \u00fadaj\u016f Vyu\u017e\u00edv\u00e1me n\u011bkter\u00e9 n\u00e1stroj, kter\u00e9 n\u00e1m v r\u00e1mci propagace p\u0159\u00edmo p\u0159ed\u00e1vaj\u00ed \u00fadaje o n\u00e1v\u0161t\u011bvn\u00edc\u00edch. M\u016f\u017ee se jednat o nap\u0159\u00edklad vypln\u011bn\u00e9 formul\u00e1\u0159e (tzv.","og_url":"https:\/\/www.admiral-botel.cz\/zasady-ochrana-osobnich-udaju\/","og_site_name":"Botel Admiral","article_modified_time":"2021-06-10T06:56:00+00:00","twitter_card":"summary_large_image","twitter_misc":{"\u041f\u0440\u0438\u043c\u0435\u0440\u043d\u043e\u0435 \u0432\u0440\u0435\u043c\u044f \u0434\u043b\u044f \u0447\u0442\u0435\u043d\u0438\u044f":"5 \u043c\u0438\u043d\u0443\u0442"},"schema":{"@context":"https:\/\/schema.org","@graph":[{"@type":"WebPage","@id":"https:\/\/www.admiral-botel.cz\/zasady-ochrana-osobnich-udaju\/","url":"https:\/\/www.admiral-botel.cz\/zasady-ochrana-osobnich-udaju\/","name":"Z\u00e1sady ochrana osobn\u00edch \u00fadaj\u016f - Botel Admiral","isPartOf":{"@id":"https:\/\/www.admiral-botel.cz\/#website"},"datePublished":"2019-06-11T11:07:18+00:00","dateModified":"2021-06-10T06:56:00+00:00","breadcrumb":{"@id":"https:\/\/www.admiral-botel.cz\/zasady-ochrana-osobnich-udaju\/#breadcrumb"},"inLanguage":"ru-RU","potentialAction":[{"@type":"ReadAction","target":["https:\/\/www.admiral-botel.cz\/zasady-ochrana-osobnich-udaju\/"]}]},{"@type":"BreadcrumbList","@id":"https:\/\/www.admiral-botel.cz\/zasady-ochrana-osobnich-udaju\/#breadcrumb","itemListElement":[{"@type":"ListItem","position":1,"name":"Home","item":"https:\/\/www.admiral-botel.cz\/ru\/"},{"@type":"ListItem","position":2,"name":"Z\u00e1sady ochrana osobn\u00edch \u00fadaj\u016f"}]},{"@type":"WebSite","@id":"https:\/\/www.admiral-botel.cz\/#website","url":"https:\/\/www.admiral-botel.cz\/","name":"Botel Admiral","description":"Romantick\u00e9 a pohodln\u00e9 ubytov\u00e1n\u00ed v centru m\u011bsta mezi Vy\u0161ehradem a mostem Palack\u00e9ho, na lev\u00e9m b\u0159ehu Vltavy","potentialAction":[{"@type":"SearchAction","target":{"@type":"EntryPoint","urlTemplate":"https:\/\/www.admiral-botel.cz\/?s={search_term_string}"},"query-input":{"@type":"PropertyValueSpecification","valueRequired":true,"valueName":"search_term_string"}}],"inLanguage":"ru-RU"}]}},"publishpress_future_action":{"enabled":false,"date":"2026-05-07 02:55:35","action":"change-status","newStatus":"draft","terms":[],"taxonomy":"post_tag","extraData":[]},"publishpress_future_workflow_manual_trigger":{"enabledWorkflows":[]},"_links":{"self":[{"href":"https:\/\/www.admiral-botel.cz\/ru\/wp-json\/wp\/v2\/pages\/6990","targetHints":{"allow":["GET"]}}],"collection":[{"href":"https:\/\/www.admiral-botel.cz\/ru\/wp-json\/wp\/v2\/pages"}],"about":[{"href":"https:\/\/www.admiral-botel.cz\/ru\/wp-json\/wp\/v2\/types\/page"}],"author":[{"embeddable":true,"href":"https:\/\/www.admiral-botel.cz\/ru\/wp-json\/wp\/v2\/users\/6"}],"replies":[{"embeddable":true,"href":"https:\/\/www.admiral-botel.cz\/ru\/wp-json\/wp\/v2\/comments?post=6990"}],"version-history":[{"count":0,"href":"https:\/\/www.admiral-botel.cz\/ru\/wp-json\/wp\/v2\/pages\/6990\/revisions"}],"wp:attachment":[{"href":"https:\/\/www.admiral-botel.cz\/ru\/wp-json\/wp\/v2\/media?parent=6990"}],"wp:term":[{"taxonomy":"post_tag","embeddable":true,"href":"https:\/\/www.admiral-botel.cz\/ru\/wp-json\/wp\/v2\/tags?post=6990"}],"curies":[{"name":"wp","href":"https:\/\/api.w.org\/{rel}","templated":true}]}}